{"id":80,"date":"2021-04-13T16:45:48","date_gmt":"2021-04-13T14:45:48","guid":{"rendered":"https:\/\/kidscourage.blinkenbox.net\/?page_id=80"},"modified":"2022-04-06T15:06:25","modified_gmt":"2022-04-06T13:06:25","slug":"download","status":"publish","type":"page","link":"https:\/\/kidscourage.blinkenbox.net\/index.php\/download\/","title":{"rendered":"Downloads"},"content":{"rendered":"\n<h2 class=\"wp-block-heading\">Downloadbereich: Kidscourage macht Methoden<\/h2>\n\n\n\n<figure class=\"wp-block-image size-large\"><img loading=\"lazy\" decoding=\"async\" width=\"1024\" height=\"410\" src=\"https:\/\/kidscourage.blinkenbox.net\/wp-content\/uploads\/2022\/04\/22_04_01_illus14-1024x410.png\" alt=\"\" class=\"wp-image-991\" srcset=\"https:\/\/kidscourage.blinkenbox.net\/wp-content\/uploads\/2022\/04\/22_04_01_illus14-1024x410.png 1024w, https:\/\/kidscourage.blinkenbox.net\/wp-content\/uploads\/2022\/04\/22_04_01_illus14-300x120.png 300w, https:\/\/kidscourage.blinkenbox.net\/wp-content\/uploads\/2022\/04\/22_04_01_illus14-768x307.png 768w, https:\/\/kidscourage.blinkenbox.net\/wp-content\/uploads\/2022\/04\/22_04_01_illus14-1536x614.png 1536w, https:\/\/kidscourage.blinkenbox.net\/wp-content\/uploads\/2022\/04\/22_04_01_illus14.png 2000w\" sizes=\"auto, (max-width: 1024px) 100vw, 1024px\" \/><\/figure>\n\n\n\n<div class=\"wp-block-columns is-layout-flex wp-container-core-columns-is-layout-9d6595d7 wp-block-columns-is-layout-flex\">\n<div class=\"wp-block-column is-layout-flow wp-block-column-is-layout-flow\">\n<div class=\"wp-block-group has-background\" style=\"background-color:#f7f7f7\"><div class=\"wp-block-group__inner-container is-layout-flow wp-block-group-is-layout-flow\">\n<h6 class=\"wp-block-heading\">Methodenhandbuch<\/h6>\n\n\n\n<p>Hier findest du unser Methoden-handbuch. Das Methodenhandbuch f\u00fchrt in kurzen Texten in die Ans\u00e4tze unsere Arbeit ein und stellt euch 18 unserer diskriminierungskritischen, intersektionalen, kinderrechts-bezogenen Methoden inklusive genauer Schritt f\u00fcr Schritt-Anleitung, p\u00e4dagogischen Anmerkungen und Arbeitsmaterialien vor.<\/p>\n\n\n\n<div class=\"wp-block-buttons is-layout-flex wp-block-buttons-is-layout-flex\">\n<div class=\"wp-block-button is-style-outline is-style-outline--1\"><a class=\"wp-block-button__link\" href=\"#\">Jetzt herunterladen<\/a><\/div>\n<\/div>\n<\/div><\/div>\n\n\n\n<p><\/p>\n\n\n\n<div class=\"wp-block-group has-background\" style=\"background-color:#f7f7f7\"><div class=\"wp-block-group__inner-container is-layout-flow wp-block-group-is-layout-flow\">\n<h6 class=\"wp-block-heading\">Glossar<\/h6>\n\n\n\n<p>Unser Glossar bietet dir eine Hilfestellung in Sachen Wort-Erkl\u00e4rungen. Wir haben einige zentrale Begriffe der intersektionalen Bildungsarbeit f\u00fcr euch kindgerecht erkl\u00e4rt, so dass ihr diese Erkl\u00e4rungen in Workshops benutzen k\u00f6nnt.<\/p>\n\n\n\n<div class=\"wp-block-buttons is-layout-flex wp-block-buttons-is-layout-flex\">\n<div class=\"wp-block-button is-style-outline is-style-outline--2\"><a class=\"wp-block-button__link\" href=\"#\">Jetzt herunterladen<\/a><\/div>\n<\/div>\n<\/div><\/div>\n<\/div>\n\n\n\n<div class=\"wp-block-column is-layout-flow wp-block-column-is-layout-flow\"><\/div>\n<\/div>\n\n\n\n<p><\/p>\n","protected":false},"excerpt":{"rendered":"<p>Downloadbereich: Kidscourage macht Methoden Methodenhandbuch Hier findest du unser Methoden-handbuch. Das Methodenhandbuch f\u00fchrt in kurzen Texten in die Ans\u00e4tze unsere Arbeit ein und stellt euch 18 unserer diskriminierungskritischen, intersektionalen, kinderrechts-bezogenen Methoden inklusive genauer Schritt f\u00fcr Schritt-Anleitung, p\u00e4dagogischen Anmerkungen und Arbeitsmaterialien vor. Glossar Unser Glossar bietet dir eine Hilfestellung in Sachen Wort-Erkl\u00e4rungen. Wir haben einige zentrale [&hellip;]<\/p>\n","protected":false},"author":2,"featured_media":0,"parent":0,"menu_order":0,"comment_status":"closed","ping_status":"closed","template":"","meta":{"footnotes":""},"class_list":["post-80","page","type-page","status-publish","hentry","entry"],"uagb_featured_image_src":{"full":false,"thumbnail":false,"medium":false,"medium_large":false,"large":false,"1536x1536":false,"2048x2048":false,"ocean-thumb-m":false,"ocean-thumb-ml":false,"ocean-thumb-l":false},"uagb_author_info":{"display_name":"courage-admin","author_link":"https:\/\/kidscourage.blinkenbox.net\/index.php\/author\/courage-admin\/"},"uagb_comment_info":0,"uagb_excerpt":"Downloadbereich: Kidscourage macht Methoden Methodenhandbuch Hier findest du unser Methoden-handbuch. Das Methodenhandbuch f\u00fchrt in kurzen Texten in die Ans\u00e4tze unsere Arbeit ein und stellt euch 18 unserer diskriminierungskritischen, intersektionalen, kinderrechts-bezogenen Methoden inklusive genauer Schritt f\u00fcr Schritt-Anleitung, p\u00e4dagogischen Anmerkungen und Arbeitsmaterialien vor. Glossar Unser Glossar bietet dir eine Hilfestellung in Sachen Wort-Erkl\u00e4rungen. Wir haben einige zentrale&hellip;","_links":{"self":[{"href":"https:\/\/kidscourage.blinkenbox.net\/index.php\/wp-json\/wp\/v2\/pages\/80","targetHints":{"allow":["GET"]}}],"collection":[{"href":"https:\/\/kidscourage.blinkenbox.net\/index.php\/wp-json\/wp\/v2\/pages"}],"about":[{"href":"https:\/\/kidscourage.blinkenbox.net\/index.php\/wp-json\/wp\/v2\/types\/page"}],"author":[{"embeddable":true,"href":"https:\/\/kidscourage.blinkenbox.net\/index.php\/wp-json\/wp\/v2\/users\/2"}],"replies":[{"embeddable":true,"href":"https:\/\/kidscourage.blinkenbox.net\/index.php\/wp-json\/wp\/v2\/comments?post=80"}],"version-history":[{"count":14,"href":"https:\/\/kidscourage.blinkenbox.net\/index.php\/wp-json\/wp\/v2\/pages\/80\/revisions"}],"predecessor-version":[{"id":1236,"href":"https:\/\/kidscourage.blinkenbox.net\/index.php\/wp-json\/wp\/v2\/pages\/80\/revisions\/1236"}],"wp:attachment":[{"href":"https:\/\/kidscourage.blinkenbox.net\/index.php\/wp-json\/wp\/v2\/media?parent=80"}],"curies":[{"name":"wp","href":"https:\/\/api.w.org\/{rel}","templated":true}]}}