{"id":74,"date":"2021-04-13T16:43:06","date_gmt":"2021-04-13T14:43:06","guid":{"rendered":"https:\/\/kidscourage.blinkenbox.net\/?page_id=74"},"modified":"2022-04-06T11:27:30","modified_gmt":"2022-04-06T09:27:30","slug":"termine-neuigkeiten","status":"publish","type":"page","link":"https:\/\/kidscourage.blinkenbox.net\/index.php\/termine-neuigkeiten\/","title":{"rendered":"Termine &#038; Neuigkeiten"},"content":{"rendered":"\n<h1 class=\"wp-block-heading\">Termine &amp; Neuigkeiten<\/h1>\n\n\n\n<figure class=\"wp-block-image size-full\"><img loading=\"lazy\" decoding=\"async\" width=\"1000\" height=\"400\" src=\"https:\/\/kidscourage.blinkenbox.net\/wp-content\/uploads\/2022\/03\/22_03_16_illus8.png\" alt=\"\" class=\"wp-image-940\" srcset=\"https:\/\/kidscourage.blinkenbox.net\/wp-content\/uploads\/2022\/03\/22_03_16_illus8.png 1000w, https:\/\/kidscourage.blinkenbox.net\/wp-content\/uploads\/2022\/03\/22_03_16_illus8-300x120.png 300w, https:\/\/kidscourage.blinkenbox.net\/wp-content\/uploads\/2022\/03\/22_03_16_illus8-768x307.png 768w\" sizes=\"auto, (max-width: 1000px) 100vw, 1000px\" \/><\/figure>\n\n\n\n<p>Du hast Lust als Teamer*in bei KidsCourage aktiv zu werden, oder bist schon aktiv dabei? M\u00f6chtest du einen \u00dcberblick \u00fcber unsere anstehende Termine behalten? Dann schaue die unsere Blogposts mit den neusten Terminen &amp; Neuigkeiten im Projekt an!<\/p>\n\n\n\n\t\t\t<div class=\"uagb-post-grid  uagb-post__image-position-top uagb-block-71b75470   \" data-total=\"1\">\n\n\t\t\t\t<div class=\"uagb-post__items uagb-post__columns-2 is-masonry uagb-post__columns-tablet-2 uagb-post__columns-mobile-1\">\n\n\t\t\t\t\t\t\t\t<article >\n\t\t\t\t\t\t\t\t\t\t<div class=\"uagb-post__inner-wrap\">\n\t\t\t\t\t\t\t\t\t\t\t\t\t\t\t<div class='uagb-post__image'>\n\t\t\t\t<a href=\"https:\/\/kidscourage.blinkenbox.net\/index.php\/2022\/03\/16\/information-falken-berlin\/\" target=\"_self\" rel=\"bookmark noopener noreferrer\"><img loading=\"lazy\" decoding=\"async\" width=\"1000\" height=\"400\" src=\"https:\/\/kidscourage.blinkenbox.net\/wp-content\/uploads\/2022\/02\/22_13_16_post_header12.png\" class=\"attachment-large size-large\" alt=\"\" srcset=\"https:\/\/kidscourage.blinkenbox.net\/wp-content\/uploads\/2022\/02\/22_13_16_post_header12.png 1000w, https:\/\/kidscourage.blinkenbox.net\/wp-content\/uploads\/2022\/02\/22_13_16_post_header12-300x120.png 300w, https:\/\/kidscourage.blinkenbox.net\/wp-content\/uploads\/2022\/02\/22_13_16_post_header12-768x307.png 768w\" sizes=\"auto, (max-width: 1000px) 100vw, 1000px\" \/>\t\t\t\t<\/a>\n\t\t\t<\/div>\n\t\t\t\t\t\t<div class='uagb-post__text'> \n\t\t\t\t<h6 class=\"uagb-post__title\">\n\t\t\t\t\t<a href=\"https:\/\/kidscourage.blinkenbox.net\/index.php\/2022\/03\/16\/information-falken-berlin\/\" target=\"_self\" rel=\"bookmark noopener noreferrer\">Information: Falken Berlin<\/a>\n\t\t\t\t<\/h6>\n\t\t\t<\/div>\n\t\t\t\t\t\t<div class='uagb-post__text'> \n\t\t\t<div class=\"uagb-post-grid-byline\">\n\t\t\t\t\t\t\t<\/div>\n\t\t\t<\/div>\n\t\t\t\t\t\t\t<div class='uagb-post__text'> \n\t\t\t\t\t<div class=\"uagb-post__excerpt\">\n\t\t\t\t\t\tDie Falken Berlin\n\n\n\nWir Falken sind ein Kinder- und Jugendverband, der sich f\u00fcr die Interessen &amp; Rechte von Kindern und Jugendlichen einsetzt.\n\n\n\nWir sind ein selbstorganisierter Kinder- \u2026\t\t\t\t\t<\/div>\n\t\t\t<\/div>\n\t\t\t\t\t\t<div class='uagb-post__text'> \n\t\t\t\t<div class=\"uagb-post__cta wp-block-button\">\n\t\t\t\t\t<a class=\"wp-block-button__link uagb-text-link\" href=\"https:\/\/kidscourage.blinkenbox.net\/index.php\/2022\/03\/16\/information-falken-berlin\/\" target=\"_self\" rel=\"bookmark noopener noreferrer\">Weiterlesen<\/a>\n\t\t\t\t<\/div>\n\t\t\t<\/div>\n\t\t\t\t\t\t\t\t<\/div>\n\t\t\t\t\t\t\t\t\t<\/article>\n\t\t\t\t\t\t\t\t<article >\n\t\t\t\t\t\t\t\t\t\t<div class=\"uagb-post__inner-wrap\">\n\t\t\t\t\t\t\t\t\t\t\t\t\t\t\t<div class='uagb-post__image'>\n\t\t\t\t<a href=\"https:\/\/kidscourage.blinkenbox.net\/index.php\/2022\/02\/25\/news-alternatives-projekttagsangebot-in-der-corona-pandemie\/\" target=\"_self\" rel=\"bookmark noopener noreferrer\"><img loading=\"lazy\" decoding=\"async\" width=\"1000\" height=\"400\" src=\"https:\/\/kidscourage.blinkenbox.net\/wp-content\/uploads\/2022\/02\/22_13_16_post_header10.png\" class=\"attachment-large size-large\" alt=\"\" srcset=\"https:\/\/kidscourage.blinkenbox.net\/wp-content\/uploads\/2022\/02\/22_13_16_post_header10.png 1000w, https:\/\/kidscourage.blinkenbox.net\/wp-content\/uploads\/2022\/02\/22_13_16_post_header10-300x120.png 300w, https:\/\/kidscourage.blinkenbox.net\/wp-content\/uploads\/2022\/02\/22_13_16_post_header10-768x307.png 768w\" sizes=\"auto, (max-width: 1000px) 100vw, 1000px\" \/>\t\t\t\t<\/a>\n\t\t\t<\/div>\n\t\t\t\t\t\t<div class='uagb-post__text'> \n\t\t\t\t<h6 class=\"uagb-post__title\">\n\t\t\t\t\t<a href=\"https:\/\/kidscourage.blinkenbox.net\/index.php\/2022\/02\/25\/news-alternatives-projekttagsangebot-in-der-corona-pandemie\/\" target=\"_self\" rel=\"bookmark noopener noreferrer\">News: alternatives Projekttagsangebot in der Corona-Pandemie<\/a>\n\t\t\t\t<\/h6>\n\t\t\t<\/div>\n\t\t\t\t\t\t<div class='uagb-post__text'> \n\t\t\t<div class=\"uagb-post-grid-byline\">\n\t\t\t\t\t\t\t<\/div>\n\t\t\t<\/div>\n\t\t\t\t\t\t\t<div class='uagb-post__text'> \n\t\t\t\t\t<div class=\"uagb-post__excerpt\">\n\t\t\t\t\t\tUNSER ALTERNATIVES PROJEKTTAGSANGEBOT IN DER CORONA-PANDEMIE\n\n\n\nAufgrund der derzeitigen Corona-Pandemie und der aktuell unsicheren Lage an den Berliner Grundschulen mit Blick auf bestehende sowie m\u00f6glicherweise noch \u2026\t\t\t\t\t<\/div>\n\t\t\t<\/div>\n\t\t\t\t\t\t<div class='uagb-post__text'> \n\t\t\t\t<div class=\"uagb-post__cta wp-block-button\">\n\t\t\t\t\t<a class=\"wp-block-button__link uagb-text-link\" href=\"https:\/\/kidscourage.blinkenbox.net\/index.php\/2022\/02\/25\/news-alternatives-projekttagsangebot-in-der-corona-pandemie\/\" target=\"_self\" rel=\"bookmark noopener noreferrer\">Weiterlesen<\/a>\n\t\t\t\t<\/div>\n\t\t\t<\/div>\n\t\t\t\t\t\t\t\t<\/div>\n\t\t\t\t\t\t\t\t\t<\/article>\n\t\t\t\t\t\t\t\t<article >\n\t\t\t\t\t\t\t\t\t\t<div class=\"uagb-post__inner-wrap\">\n\t\t\t\t\t\t\t\t\t\t\t\t\t\t\t<div class='uagb-post__image'>\n\t\t\t\t<a href=\"https:\/\/kidscourage.blinkenbox.net\/index.php\/2022\/02\/25\/termin-teamtreffen\/\" target=\"_self\" rel=\"bookmark noopener noreferrer\"><img loading=\"lazy\" decoding=\"async\" width=\"1000\" height=\"400\" src=\"https:\/\/kidscourage.blinkenbox.net\/wp-content\/uploads\/2022\/02\/22_13_16_post_header7.png\" class=\"attachment-large size-large\" alt=\"\" srcset=\"https:\/\/kidscourage.blinkenbox.net\/wp-content\/uploads\/2022\/02\/22_13_16_post_header7.png 1000w, https:\/\/kidscourage.blinkenbox.net\/wp-content\/uploads\/2022\/02\/22_13_16_post_header7-300x120.png 300w, https:\/\/kidscourage.blinkenbox.net\/wp-content\/uploads\/2022\/02\/22_13_16_post_header7-768x307.png 768w\" sizes=\"auto, (max-width: 1000px) 100vw, 1000px\" \/>\t\t\t\t<\/a>\n\t\t\t<\/div>\n\t\t\t\t\t\t<div class='uagb-post__text'> \n\t\t\t\t<h6 class=\"uagb-post__title\">\n\t\t\t\t\t<a href=\"https:\/\/kidscourage.blinkenbox.net\/index.php\/2022\/02\/25\/termin-teamtreffen\/\" target=\"_self\" rel=\"bookmark noopener noreferrer\">Termin: Teamtreffen<\/a>\n\t\t\t\t<\/h6>\n\t\t\t<\/div>\n\t\t\t\t\t\t<div class='uagb-post__text'> \n\t\t\t<div class=\"uagb-post-grid-byline\">\n\t\t\t\t\t\t\t<\/div>\n\t\t\t<\/div>\n\t\t\t\t\t\t\t<div class='uagb-post__text'> \n\t\t\t\t\t<div class=\"uagb-post__excerpt\">\n\t\t\t\t\t\tTeampooltreffen am 6. M\u00e4rz\n\n\n\n&#8211; Schwerpunkt: Sommercamp-P\u00e4dagogik &#8211;\n\n\n\nAm 6.3. um 17:30 Uhr findet in der Villa Freundschaft unser n\u00e4chstes Teampooltreffen statt!\n\n\n\nEs wird einen Input zu p\u00e4dagogischen \u2026\t\t\t\t\t<\/div>\n\t\t\t<\/div>\n\t\t\t\t\t\t<div class='uagb-post__text'> \n\t\t\t\t<div class=\"uagb-post__cta wp-block-button\">\n\t\t\t\t\t<a class=\"wp-block-button__link uagb-text-link\" href=\"https:\/\/kidscourage.blinkenbox.net\/index.php\/2022\/02\/25\/termin-teamtreffen\/\" target=\"_self\" rel=\"bookmark noopener noreferrer\">Weiterlesen<\/a>\n\t\t\t\t<\/div>\n\t\t\t<\/div>\n\t\t\t\t\t\t\t\t<\/div>\n\t\t\t\t\t\t\t\t\t<\/article>\n\t\t\t\t\t\t\t\t<article >\n\t\t\t\t\t\t\t\t\t\t<div class=\"uagb-post__inner-wrap\">\n\t\t\t\t\t\t\t\t\t\t\t\t\t\t\t<div class='uagb-post__image'>\n\t\t\t\t<a href=\"https:\/\/kidscourage.blinkenbox.net\/index.php\/2022\/02\/25\/termin-methodenfortbildung\/\" target=\"_self\" rel=\"bookmark noopener noreferrer\"><img loading=\"lazy\" decoding=\"async\" width=\"1000\" height=\"400\" src=\"https:\/\/kidscourage.blinkenbox.net\/wp-content\/uploads\/2022\/02\/22_13_16_post_header8.png\" class=\"attachment-large size-large\" alt=\"\" srcset=\"https:\/\/kidscourage.blinkenbox.net\/wp-content\/uploads\/2022\/02\/22_13_16_post_header8.png 1000w, https:\/\/kidscourage.blinkenbox.net\/wp-content\/uploads\/2022\/02\/22_13_16_post_header8-300x120.png 300w, https:\/\/kidscourage.blinkenbox.net\/wp-content\/uploads\/2022\/02\/22_13_16_post_header8-768x307.png 768w\" sizes=\"auto, (max-width: 1000px) 100vw, 1000px\" \/>\t\t\t\t<\/a>\n\t\t\t<\/div>\n\t\t\t\t\t\t<div class='uagb-post__text'> \n\t\t\t\t<h6 class=\"uagb-post__title\">\n\t\t\t\t\t<a href=\"https:\/\/kidscourage.blinkenbox.net\/index.php\/2022\/02\/25\/termin-methodenfortbildung\/\" target=\"_self\" rel=\"bookmark noopener noreferrer\">Termin: Methodenfortbildung<\/a>\n\t\t\t\t<\/h6>\n\t\t\t<\/div>\n\t\t\t\t\t\t<div class='uagb-post__text'> \n\t\t\t<div class=\"uagb-post-grid-byline\">\n\t\t\t\t\t\t\t<\/div>\n\t\t\t<\/div>\n\t\t\t\t\t\t\t<div class='uagb-post__text'> \n\t\t\t\t\t<div class=\"uagb-post__excerpt\">\n\t\t\t\t\t\tNach der Sommerpause treffen wir uns wieder zum TEAMPOOL-MeetUP. Diesmal in der Kinder- und Jugendfreizeit-Einrichtung &#8222;Falkenburg&#8220; in Berlin Lichtenberg.\n\n\n\nEs wird einen INPUT zur &#8222;Pr\u00e4vention sexualisierter \u2026\t\t\t\t\t<\/div>\n\t\t\t<\/div>\n\t\t\t\t\t\t<div class='uagb-post__text'> \n\t\t\t\t<div class=\"uagb-post__cta wp-block-button\">\n\t\t\t\t\t<a class=\"wp-block-button__link uagb-text-link\" href=\"https:\/\/kidscourage.blinkenbox.net\/index.php\/2022\/02\/25\/termin-methodenfortbildung\/\" target=\"_self\" rel=\"bookmark noopener noreferrer\">Weiterlesen<\/a>\n\t\t\t\t<\/div>\n\t\t\t<\/div>\n\t\t\t\t\t\t\t\t<\/div>\n\t\t\t\t\t\t\t\t\t<\/article>\n\t\t\t\t\t\t\t\t<article >\n\t\t\t\t\t\t\t\t\t\t<div class=\"uagb-post__inner-wrap\">\n\t\t\t\t\t\t\t\t\t\t\t\t\t\t\t<div class='uagb-post__image'>\n\t\t\t\t<a href=\"https:\/\/kidscourage.blinkenbox.net\/index.php\/2022\/02\/25\/termin-teamtreffen-im-maerz\/\" target=\"_self\" rel=\"bookmark noopener noreferrer\"><img loading=\"lazy\" decoding=\"async\" width=\"1000\" height=\"400\" src=\"https:\/\/kidscourage.blinkenbox.net\/wp-content\/uploads\/2022\/02\/22_13_16_post_header9.png\" class=\"attachment-large size-large\" alt=\"\" srcset=\"https:\/\/kidscourage.blinkenbox.net\/wp-content\/uploads\/2022\/02\/22_13_16_post_header9.png 1000w, https:\/\/kidscourage.blinkenbox.net\/wp-content\/uploads\/2022\/02\/22_13_16_post_header9-300x120.png 300w, https:\/\/kidscourage.blinkenbox.net\/wp-content\/uploads\/2022\/02\/22_13_16_post_header9-768x307.png 768w\" sizes=\"auto, (max-width: 1000px) 100vw, 1000px\" \/>\t\t\t\t<\/a>\n\t\t\t<\/div>\n\t\t\t\t\t\t<div class='uagb-post__text'> \n\t\t\t\t<h6 class=\"uagb-post__title\">\n\t\t\t\t\t<a href=\"https:\/\/kidscourage.blinkenbox.net\/index.php\/2022\/02\/25\/termin-teamtreffen-im-maerz\/\" target=\"_self\" rel=\"bookmark noopener noreferrer\">Termin: Teamtreffen im M\u00e4rz<\/a>\n\t\t\t\t<\/h6>\n\t\t\t<\/div>\n\t\t\t\t\t\t<div class='uagb-post__text'> \n\t\t\t<div class=\"uagb-post-grid-byline\">\n\t\t\t\t\t\t\t<\/div>\n\t\t\t<\/div>\n\t\t\t\t\t\t\t<div class='uagb-post__text'> \n\t\t\t\t\t<div class=\"uagb-post__excerpt\">\n\t\t\t\t\t\tWer von euch schon immer mal einen Einblick in die Arbeit des Antirassistischen Spielmobils (Antira Spiemo) gewinnen oder selbst mitwirken wollte, hat jetzt noch mal \u2026\t\t\t\t\t<\/div>\n\t\t\t<\/div>\n\t\t\t\t\t\t<div class='uagb-post__text'> \n\t\t\t\t<div class=\"uagb-post__cta wp-block-button\">\n\t\t\t\t\t<a class=\"wp-block-button__link uagb-text-link\" href=\"https:\/\/kidscourage.blinkenbox.net\/index.php\/2022\/02\/25\/termin-teamtreffen-im-maerz\/\" target=\"_self\" rel=\"bookmark noopener noreferrer\">Weiterlesen<\/a>\n\t\t\t\t<\/div>\n\t\t\t<\/div>\n\t\t\t\t\t\t\t\t<\/div>\n\t\t\t\t\t\t\t\t\t<\/article>\n\t\t\t\t\t\t\t\t<\/div>\n\t\t\t\t\t\t\t<\/div>\n\t\t\t","protected":false},"excerpt":{"rendered":"<p>Termine &amp; Neuigkeiten Du hast Lust als Teamer*in bei KidsCourage aktiv zu werden, oder bist schon aktiv dabei? M\u00f6chtest du einen \u00dcberblick \u00fcber unsere anstehende Termine behalten? Dann schaue die unsere Blogposts mit den neusten Terminen &amp; Neuigkeiten im Projekt an!<\/p>\n","protected":false},"author":2,"featured_media":0,"parent":0,"menu_order":0,"comment_status":"closed","ping_status":"closed","template":"","meta":{"footnotes":""},"class_list":["post-74","page","type-page","status-publish","hentry","entry"],"uagb_featured_image_src":{"full":false,"thumbnail":false,"medium":false,"medium_large":false,"large":false,"1536x1536":false,"2048x2048":false,"ocean-thumb-m":false,"ocean-thumb-ml":false,"ocean-thumb-l":false},"uagb_author_info":{"display_name":"courage-admin","author_link":"https:\/\/kidscourage.blinkenbox.net\/index.php\/author\/courage-admin\/"},"uagb_comment_info":0,"uagb_excerpt":"Termine &amp; Neuigkeiten Du hast Lust als Teamer*in bei KidsCourage aktiv zu werden, oder bist schon aktiv dabei? M\u00f6chtest du einen \u00dcberblick \u00fcber unsere anstehende Termine behalten? Dann schaue die unsere Blogposts mit den neusten Terminen &amp; Neuigkeiten im Projekt an!","_links":{"self":[{"href":"https:\/\/kidscourage.blinkenbox.net\/index.php\/wp-json\/wp\/v2\/pages\/74","targetHints":{"allow":["GET"]}}],"collection":[{"href":"https:\/\/kidscourage.blinkenbox.net\/index.php\/wp-json\/wp\/v2\/pages"}],"about":[{"href":"https:\/\/kidscourage.blinkenbox.net\/index.php\/wp-json\/wp\/v2\/types\/page"}],"author":[{"embeddable":true,"href":"https:\/\/kidscourage.blinkenbox.net\/index.php\/wp-json\/wp\/v2\/users\/2"}],"replies":[{"embeddable":true,"href":"https:\/\/kidscourage.blinkenbox.net\/index.php\/wp-json\/wp\/v2\/comments?post=74"}],"version-history":[{"count":11,"href":"https:\/\/kidscourage.blinkenbox.net\/index.php\/wp-json\/wp\/v2\/pages\/74\/revisions"}],"predecessor-version":[{"id":1088,"href":"https:\/\/kidscourage.blinkenbox.net\/index.php\/wp-json\/wp\/v2\/pages\/74\/revisions\/1088"}],"wp:attachment":[{"href":"https:\/\/kidscourage.blinkenbox.net\/index.php\/wp-json\/wp\/v2\/media?parent=74"}],"curies":[{"name":"wp","href":"https:\/\/api.w.org\/{rel}","templated":true}]}}