{"id":72,"date":"2021-04-13T16:41:59","date_gmt":"2021-04-13T14:41:59","guid":{"rendered":"https:\/\/kidscourage.blinkenbox.net\/?page_id=72"},"modified":"2022-04-06T14:41:23","modified_gmt":"2022-04-06T12:41:23","slug":"erfahrungsberichte","status":"publish","type":"page","link":"https:\/\/kidscourage.blinkenbox.net\/index.php\/erfahrungsberichte\/","title":{"rendered":"Erfahrungsberichte"},"content":{"rendered":"\n<h1 class=\"wp-block-heading\">Erfahrungsberichte<\/h1>\n\n\n\n<figure class=\"wp-block-image size-full\"><img loading=\"lazy\" decoding=\"async\" width=\"2000\" height=\"800\" src=\"https:\/\/kidscourage.blinkenbox.net\/wp-content\/uploads\/2022\/04\/22_04_01_illus11.png\" alt=\"\" class=\"wp-image-980\" srcset=\"https:\/\/kidscourage.blinkenbox.net\/wp-content\/uploads\/2022\/04\/22_04_01_illus11.png 2000w, https:\/\/kidscourage.blinkenbox.net\/wp-content\/uploads\/2022\/04\/22_04_01_illus11-300x120.png 300w, https:\/\/kidscourage.blinkenbox.net\/wp-content\/uploads\/2022\/04\/22_04_01_illus11-1024x410.png 1024w, https:\/\/kidscourage.blinkenbox.net\/wp-content\/uploads\/2022\/04\/22_04_01_illus11-768x307.png 768w, https:\/\/kidscourage.blinkenbox.net\/wp-content\/uploads\/2022\/04\/22_04_01_illus11-1536x614.png 1536w\" sizes=\"auto, (max-width: 2000px) 100vw, 2000px\" \/><\/figure>\n\n\n\n<p>Blog:<\/p>\n\n\n\n\t\t\t<div class=\"uagb-post-grid  uagb-post__image-position-top uagb-block-97743c02   \" data-total=\"1\">\n\n\t\t\t\t<div class=\"uagb-post__items uagb-post__columns-2 is-masonry uagb-post__columns-tablet-2 uagb-post__columns-mobile-1\">\n\n\t\t\t\t\t\t\t\t<article >\n\t\t\t\t\t\t\t\t\t\t<div class=\"uagb-post__inner-wrap\">\n\t\t\t\t\t\t\t\t\t\t\t\t\t\t\t<div class='uagb-post__image'>\n\t\t\t\t<a href=\"https:\/\/kidscourage.blinkenbox.net\/index.php\/2021\/04\/13\/post-2\/\" target=\"_self\" rel=\"bookmark noopener noreferrer\"><img loading=\"lazy\" decoding=\"async\" width=\"1000\" height=\"400\" src=\"https:\/\/kidscourage.blinkenbox.net\/wp-content\/uploads\/2022\/04\/22_04_06_post_header23.png\" class=\"attachment-large size-large\" alt=\"\" srcset=\"https:\/\/kidscourage.blinkenbox.net\/wp-content\/uploads\/2022\/04\/22_04_06_post_header23.png 1000w, https:\/\/kidscourage.blinkenbox.net\/wp-content\/uploads\/2022\/04\/22_04_06_post_header23-300x120.png 300w, https:\/\/kidscourage.blinkenbox.net\/wp-content\/uploads\/2022\/04\/22_04_06_post_header23-768x307.png 768w\" sizes=\"auto, (max-width: 1000px) 100vw, 1000px\" \/>\t\t\t\t<\/a>\n\t\t\t<\/div>\n\t\t\t\t\t\t<div class='uagb-post__text'> \n\t\t\t\t<h6 class=\"uagb-post__title\">\n\t\t\t\t\t<a href=\"https:\/\/kidscourage.blinkenbox.net\/index.php\/2021\/04\/13\/post-2\/\" target=\"_self\" rel=\"bookmark noopener noreferrer\">Erfahrungsbericht: Apollonia<\/a>\n\t\t\t\t<\/h6>\n\t\t\t<\/div>\n\t\t\t\t\t\t<div class='uagb-post__text'> \n\t\t\t<div class=\"uagb-post-grid-byline\">\n\t\t\t\t\t\t\t<\/div>\n\t\t\t<\/div>\n\t\t\t\t\t\t\t<div class='uagb-post__text'> \n\t\t\t\t\t<div class=\"uagb-post__excerpt\">\n\t\t\t\t\t\tWenn ich einen Projekttag durchf\u00fchre, bin ich jedes Mal aufs Neue etwas aufgeregt. Ich wei\u00df n\u00e4mlich nie genau was mich erwartet. Alle Schulen, alle Sch\u00fcler*innen \u2026\t\t\t\t\t<\/div>\n\t\t\t<\/div>\n\t\t\t\t\t\t<div class='uagb-post__text'> \n\t\t\t\t<div class=\"uagb-post__cta wp-block-button\">\n\t\t\t\t\t<a class=\"wp-block-button__link uagb-text-link\" href=\"https:\/\/kidscourage.blinkenbox.net\/index.php\/2021\/04\/13\/post-2\/\" target=\"_self\" rel=\"bookmark noopener noreferrer\">Weiterlesen<\/a>\n\t\t\t\t<\/div>\n\t\t\t<\/div>\n\t\t\t\t\t\t\t\t<\/div>\n\t\t\t\t\t\t\t\t\t<\/article>\n\t\t\t\t\t\t\t\t<\/div>\n\t\t\t\t\t\t\t<\/div>\n\t\t\t","protected":false},"excerpt":{"rendered":"<p>Erfahrungsberichte Blog:<\/p>\n","protected":false},"author":2,"featured_media":1186,"parent":0,"menu_order":0,"comment_status":"closed","ping_status":"closed","template":"","meta":{"footnotes":""},"class_list":["post-72","page","type-page","status-publish","has-post-thumbnail","hentry","entry","has-media"],"uagb_featured_image_src":{"full":["https:\/\/kidscourage.blinkenbox.net\/wp-content\/uploads\/2022\/04\/22_04_06_post_header23.png",1000,400,false],"thumbnail":["https:\/\/kidscourage.blinkenbox.net\/wp-content\/uploads\/2022\/04\/22_04_06_post_header23-150x150.png",150,150,true],"medium":["https:\/\/kidscourage.blinkenbox.net\/wp-content\/uploads\/2022\/04\/22_04_06_post_header23-300x120.png",300,120,true],"medium_large":["https:\/\/kidscourage.blinkenbox.net\/wp-content\/uploads\/2022\/04\/22_04_06_post_header23-768x307.png",768,307,true],"large":["https:\/\/kidscourage.blinkenbox.net\/wp-content\/uploads\/2022\/04\/22_04_06_post_header23.png",1000,400,false],"1536x1536":["https:\/\/kidscourage.blinkenbox.net\/wp-content\/uploads\/2022\/04\/22_04_06_post_header23.png",1000,400,false],"2048x2048":["https:\/\/kidscourage.blinkenbox.net\/wp-content\/uploads\/2022\/04\/22_04_06_post_header23.png",1000,400,false],"ocean-thumb-m":["https:\/\/kidscourage.blinkenbox.net\/wp-content\/uploads\/2022\/04\/22_04_06_post_header23-600x400.png",600,400,true],"ocean-thumb-ml":["https:\/\/kidscourage.blinkenbox.net\/wp-content\/uploads\/2022\/04\/22_04_06_post_header23-800x400.png",800,400,true],"ocean-thumb-l":["https:\/\/kidscourage.blinkenbox.net\/wp-content\/uploads\/2022\/04\/22_04_06_post_header23.png",1000,400,false]},"uagb_author_info":{"display_name":"courage-admin","author_link":"https:\/\/kidscourage.blinkenbox.net\/index.php\/author\/courage-admin\/"},"uagb_comment_info":0,"uagb_excerpt":"Erfahrungsberichte Blog:","_links":{"self":[{"href":"https:\/\/kidscourage.blinkenbox.net\/index.php\/wp-json\/wp\/v2\/pages\/72","targetHints":{"allow":["GET"]}}],"collection":[{"href":"https:\/\/kidscourage.blinkenbox.net\/index.php\/wp-json\/wp\/v2\/pages"}],"about":[{"href":"https:\/\/kidscourage.blinkenbox.net\/index.php\/wp-json\/wp\/v2\/types\/page"}],"author":[{"embeddable":true,"href":"https:\/\/kidscourage.blinkenbox.net\/index.php\/wp-json\/wp\/v2\/users\/2"}],"replies":[{"embeddable":true,"href":"https:\/\/kidscourage.blinkenbox.net\/index.php\/wp-json\/wp\/v2\/comments?post=72"}],"version-history":[{"count":11,"href":"https:\/\/kidscourage.blinkenbox.net\/index.php\/wp-json\/wp\/v2\/pages\/72\/revisions"}],"predecessor-version":[{"id":1222,"href":"https:\/\/kidscourage.blinkenbox.net\/index.php\/wp-json\/wp\/v2\/pages\/72\/revisions\/1222"}],"wp:featuredmedia":[{"embeddable":true,"href":"https:\/\/kidscourage.blinkenbox.net\/index.php\/wp-json\/wp\/v2\/media\/1186"}],"wp:attachment":[{"href":"https:\/\/kidscourage.blinkenbox.net\/index.php\/wp-json\/wp\/v2\/media?parent=72"}],"curies":[{"name":"wp","href":"https:\/\/api.w.org\/{rel}","templated":true}]}}