{"id":68,"date":"2021-04-13T16:40:27","date_gmt":"2021-04-13T14:40:27","guid":{"rendered":"https:\/\/kidscourage.blinkenbox.net\/?page_id=68"},"modified":"2022-04-06T15:42:09","modified_gmt":"2022-04-06T13:42:09","slug":"publikationen-ansprechpartnerinnen","status":"publish","type":"page","link":"https:\/\/kidscourage.blinkenbox.net\/index.php\/publikationen-ansprechpartnerinnen\/","title":{"rendered":"Publikationen &#038; Ansprechpartner*innen"},"content":{"rendered":"\n<h1 class=\"wp-block-heading\">Publikationen &amp; Ansprechpartner*innen<\/h1>\n\n\n\n<p>Wir m\u00f6chten gerne unser Wissen zu den Themen Kinderrechte &amp; Antidiskriminierung mit Die teilen. Deshalb stellen wir Interessent*innen hier Initiativen, Organisationen und Publikationen vor, die zu diesen Themen arbeiten.<\/p>\n\n\n\n<figure class=\"wp-block-image size-full\"><img loading=\"lazy\" decoding=\"async\" width=\"1000\" height=\"400\" src=\"https:\/\/kidscourage.blinkenbox.net\/wp-content\/uploads\/2022\/03\/22_03_16_illus7.png\" alt=\"\" class=\"wp-image-939\" srcset=\"https:\/\/kidscourage.blinkenbox.net\/wp-content\/uploads\/2022\/03\/22_03_16_illus7.png 1000w, https:\/\/kidscourage.blinkenbox.net\/wp-content\/uploads\/2022\/03\/22_03_16_illus7-300x120.png 300w, https:\/\/kidscourage.blinkenbox.net\/wp-content\/uploads\/2022\/03\/22_03_16_illus7-768x307.png 768w\" sizes=\"auto, (max-width: 1000px) 100vw, 1000px\" \/><\/figure>\n\n\n\n<p>Hier findest du Eintr\u00e4ge zu Publikationen; so kannst Du Dir f\u00fcr Deinen n\u00e4chsten Workshop oder eine Unterrichtseinheit in der Schule Inspiration f\u00fcr Methoden holen, oder Texte finden, die ein bestimmtes Thema Zielgruppen-gerecht erkl\u00e4rt. Auch gibt es hier Eintr\u00e4ge, in denen wir Dir Organisationen vorstellen, die zu \u00e4hnlichen Themen arbeiten wie wir.<\/p>\n\n\n\n<p>Du m\u00f6chtest gerne mit deiner Initiative oder Organisation hier aufgenommen werden? Dann schreibe und eine E-Mail \u00fcber unser <a href=\"https:\/\/kidscourage.blinkenbox.net\/index.php\/impressum-kontakt\/\" data-type=\"page\" data-id=\"36\">Kontaktformular<\/a>. <\/p>\n\n\n\n<p>Weitere Eintr\u00e4ge werden fortlaufend hinzugef\u00fcgt.<\/p>\n\n\n\n\t\t\t<div class=\"uagb-post-grid  uagb-post__image-position-top uagb-block-e9c4390e   \" data-total=\"1\">\n\n\t\t\t\t<div class=\"uagb-post__items uagb-post__columns-2 is-masonry uagb-post__columns-tablet-2 uagb-post__columns-mobile-1\">\n\n\t\t\t\t\t\t\t\t<article >\n\t\t\t\t\t\t\t\t\t\t<div class=\"uagb-post__inner-wrap\">\n\t\t\t\t\t\t\t\t\t\t\t\t\t\t\t<div class='uagb-post__image'>\n\t\t\t\t<a href=\"https:\/\/kidscourage.blinkenbox.net\/index.php\/2022\/02\/25\/ansprechpartnerin-benedisk\/\" target=\"_self\" rel=\"bookmark noopener noreferrer\"><img loading=\"lazy\" decoding=\"async\" width=\"1000\" height=\"400\" src=\"https:\/\/kidscourage.blinkenbox.net\/wp-content\/uploads\/2022\/02\/22_13_16_post_header6.png\" class=\"attachment-large size-large\" alt=\"\" srcset=\"https:\/\/kidscourage.blinkenbox.net\/wp-content\/uploads\/2022\/02\/22_13_16_post_header6.png 1000w, https:\/\/kidscourage.blinkenbox.net\/wp-content\/uploads\/2022\/02\/22_13_16_post_header6-300x120.png 300w, https:\/\/kidscourage.blinkenbox.net\/wp-content\/uploads\/2022\/02\/22_13_16_post_header6-768x307.png 768w\" sizes=\"auto, (max-width: 1000px) 100vw, 1000px\" \/>\t\t\t\t<\/a>\n\t\t\t<\/div>\n\t\t\t\t\t\t<div class='uagb-post__text'> \n\t\t\t\t<h6 class=\"uagb-post__title\">\n\t\t\t\t\t<a href=\"https:\/\/kidscourage.blinkenbox.net\/index.php\/2022\/02\/25\/ansprechpartnerin-benedisk\/\" target=\"_self\" rel=\"bookmark noopener noreferrer\">Ansprechpartner*in: BeNeDiSK<\/a>\n\t\t\t\t<\/h6>\n\t\t\t<\/div>\n\t\t\t\t\t\t<div class='uagb-post__text'> \n\t\t\t<div class=\"uagb-post-grid-byline\">\n\t\t\t\t\t\t\t<\/div>\n\t\t\t<\/div>\n\t\t\t\t\t\t\t<div class='uagb-post__text'> \n\t\t\t\t\t<div class=\"uagb-post__excerpt\">\n\t\t\t\t\t\tBeNeDisk\n\n\n\nIm Netzwerk engagieren sich verschiedene Menschen aus Gruppen, Antidiskriminierungs- und Antirassismusorganisationen, der Elternselbsthilfe oder Gremien. Darunter: Amaro Foro, Antidiskriminierungsnetzwerk Berlin des T\u00fcrkischen Bundes in Berlin-Brandenburg \u2026\t\t\t\t\t<\/div>\n\t\t\t<\/div>\n\t\t\t\t\t\t<div class='uagb-post__text'> \n\t\t\t\t<div class=\"uagb-post__cta wp-block-button\">\n\t\t\t\t\t<a class=\"wp-block-button__link uagb-text-link\" href=\"https:\/\/kidscourage.blinkenbox.net\/index.php\/2022\/02\/25\/ansprechpartnerin-benedisk\/\" target=\"_self\" rel=\"bookmark noopener noreferrer\">Weiterlesen<\/a>\n\t\t\t\t<\/div>\n\t\t\t<\/div>\n\t\t\t\t\t\t\t\t<\/div>\n\t\t\t\t\t\t\t\t\t<\/article>\n\t\t\t\t\t\t\t\t<article >\n\t\t\t\t\t\t\t\t\t\t<div class=\"uagb-post__inner-wrap\">\n\t\t\t\t\t\t\t\t\t\t\t\t\t\t\t<div class='uagb-post__image'>\n\t\t\t\t<a href=\"https:\/\/kidscourage.blinkenbox.net\/index.php\/2022\/02\/25\/publikation-glossar-der-amadeu-antonio-stiftung\/\" target=\"_self\" rel=\"bookmark noopener noreferrer\"><img loading=\"lazy\" decoding=\"async\" width=\"1000\" height=\"400\" src=\"https:\/\/kidscourage.blinkenbox.net\/wp-content\/uploads\/2022\/02\/22_13_16_post_header3.png\" class=\"attachment-large size-large\" alt=\"\" srcset=\"https:\/\/kidscourage.blinkenbox.net\/wp-content\/uploads\/2022\/02\/22_13_16_post_header3.png 1000w, https:\/\/kidscourage.blinkenbox.net\/wp-content\/uploads\/2022\/02\/22_13_16_post_header3-300x120.png 300w, https:\/\/kidscourage.blinkenbox.net\/wp-content\/uploads\/2022\/02\/22_13_16_post_header3-768x307.png 768w\" sizes=\"auto, (max-width: 1000px) 100vw, 1000px\" \/>\t\t\t\t<\/a>\n\t\t\t<\/div>\n\t\t\t\t\t\t<div class='uagb-post__text'> \n\t\t\t\t<h6 class=\"uagb-post__title\">\n\t\t\t\t\t<a href=\"https:\/\/kidscourage.blinkenbox.net\/index.php\/2022\/02\/25\/publikation-glossar-der-amadeu-antonio-stiftung\/\" target=\"_self\" rel=\"bookmark noopener noreferrer\">Publikation: Glossar der Amadeu Antonio Stiftung<\/a>\n\t\t\t\t<\/h6>\n\t\t\t<\/div>\n\t\t\t\t\t\t<div class='uagb-post__text'> \n\t\t\t<div class=\"uagb-post-grid-byline\">\n\t\t\t\t\t\t\t<\/div>\n\t\t\t<\/div>\n\t\t\t\t\t\t\t<div class='uagb-post__text'> \n\t\t\t\t\t<div class=\"uagb-post__excerpt\">\n\t\t\t\t\t\tGlossar der Amadeu Antonio Stiftung\n\n\n\nZiel der Amadeu Antonio Stiftung ist die St\u00e4rkung einer demokratischen Zivilgesellschaft, die sich konsequent gegen Rechtsextremismus, Rassismus und Antisemitismus wendet. Die \u2026\t\t\t\t\t<\/div>\n\t\t\t<\/div>\n\t\t\t\t\t\t<div class='uagb-post__text'> \n\t\t\t\t<div class=\"uagb-post__cta wp-block-button\">\n\t\t\t\t\t<a class=\"wp-block-button__link uagb-text-link\" href=\"https:\/\/kidscourage.blinkenbox.net\/index.php\/2022\/02\/25\/publikation-glossar-der-amadeu-antonio-stiftung\/\" target=\"_self\" rel=\"bookmark noopener noreferrer\">Weiterlesen<\/a>\n\t\t\t\t<\/div>\n\t\t\t<\/div>\n\t\t\t\t\t\t\t\t<\/div>\n\t\t\t\t\t\t\t\t\t<\/article>\n\t\t\t\t\t\t\t\t<article >\n\t\t\t\t\t\t\t\t\t\t<div class=\"uagb-post__inner-wrap\">\n\t\t\t\t\t\t\t\t\t\t\t\t\t\t\t<div class='uagb-post__image'>\n\t\t\t\t<a href=\"https:\/\/kidscourage.blinkenbox.net\/index.php\/2022\/02\/25\/ansprechpartnerin-fachstelle-kinderwelten\/\" target=\"_self\" rel=\"bookmark noopener noreferrer\"><img loading=\"lazy\" decoding=\"async\" width=\"1000\" height=\"400\" src=\"https:\/\/kidscourage.blinkenbox.net\/wp-content\/uploads\/2022\/02\/22_13_16_post_header5.png\" class=\"attachment-large size-large\" alt=\"\" srcset=\"https:\/\/kidscourage.blinkenbox.net\/wp-content\/uploads\/2022\/02\/22_13_16_post_header5.png 1000w, https:\/\/kidscourage.blinkenbox.net\/wp-content\/uploads\/2022\/02\/22_13_16_post_header5-300x120.png 300w, https:\/\/kidscourage.blinkenbox.net\/wp-content\/uploads\/2022\/02\/22_13_16_post_header5-768x307.png 768w\" sizes=\"auto, (max-width: 1000px) 100vw, 1000px\" \/>\t\t\t\t<\/a>\n\t\t\t<\/div>\n\t\t\t\t\t\t<div class='uagb-post__text'> \n\t\t\t\t<h6 class=\"uagb-post__title\">\n\t\t\t\t\t<a href=\"https:\/\/kidscourage.blinkenbox.net\/index.php\/2022\/02\/25\/ansprechpartnerin-fachstelle-kinderwelten\/\" target=\"_self\" rel=\"bookmark noopener noreferrer\">Ansprechpartner*in: Fachstelle KiNDERWELTEN<\/a>\n\t\t\t\t<\/h6>\n\t\t\t<\/div>\n\t\t\t\t\t\t<div class='uagb-post__text'> \n\t\t\t<div class=\"uagb-post-grid-byline\">\n\t\t\t\t\t\t\t<\/div>\n\t\t\t<\/div>\n\t\t\t\t\t\t\t<div class='uagb-post__text'> \n\t\t\t\t\t<div class=\"uagb-post__excerpt\">\n\t\t\t\t\t\tFachstelle KiNDERWELTEN\n\n\n\nDie Fachstelle Kinderwelten ist 2011 hervorgegangen aus mehreren Kinderwelten-Projekten, die seit 2000 im Institut f\u00fcr den Situationsansatz durchgef\u00fchrt wurden. Die Fachstelle steht f\u00fcr den \u2026\t\t\t\t\t<\/div>\n\t\t\t<\/div>\n\t\t\t\t\t\t<div class='uagb-post__text'> \n\t\t\t\t<div class=\"uagb-post__cta wp-block-button\">\n\t\t\t\t\t<a class=\"wp-block-button__link uagb-text-link\" href=\"https:\/\/kidscourage.blinkenbox.net\/index.php\/2022\/02\/25\/ansprechpartnerin-fachstelle-kinderwelten\/\" target=\"_self\" rel=\"bookmark noopener noreferrer\">Weiterlesen<\/a>\n\t\t\t\t<\/div>\n\t\t\t<\/div>\n\t\t\t\t\t\t\t\t<\/div>\n\t\t\t\t\t\t\t\t\t<\/article>\n\t\t\t\t\t\t\t\t<article >\n\t\t\t\t\t\t\t\t\t\t<div class=\"uagb-post__inner-wrap\">\n\t\t\t\t\t\t\t\t\t\t\t\t\t\t\t<div class='uagb-post__image'>\n\t\t\t\t<a href=\"https:\/\/kidscourage.blinkenbox.net\/index.php\/2022\/02\/25\/ansprechpartnerin-eoto\/\" target=\"_self\" rel=\"bookmark noopener noreferrer\"><img loading=\"lazy\" decoding=\"async\" width=\"1000\" height=\"400\" src=\"https:\/\/kidscourage.blinkenbox.net\/wp-content\/uploads\/2022\/02\/22_13_16_post_header4.png\" class=\"attachment-large size-large\" alt=\"\" srcset=\"https:\/\/kidscourage.blinkenbox.net\/wp-content\/uploads\/2022\/02\/22_13_16_post_header4.png 1000w, https:\/\/kidscourage.blinkenbox.net\/wp-content\/uploads\/2022\/02\/22_13_16_post_header4-300x120.png 300w, https:\/\/kidscourage.blinkenbox.net\/wp-content\/uploads\/2022\/02\/22_13_16_post_header4-768x307.png 768w\" sizes=\"auto, (max-width: 1000px) 100vw, 1000px\" \/>\t\t\t\t<\/a>\n\t\t\t<\/div>\n\t\t\t\t\t\t<div class='uagb-post__text'> \n\t\t\t\t<h6 class=\"uagb-post__title\">\n\t\t\t\t\t<a href=\"https:\/\/kidscourage.blinkenbox.net\/index.php\/2022\/02\/25\/ansprechpartnerin-eoto\/\" target=\"_self\" rel=\"bookmark noopener noreferrer\">Ansprechpartner*in: EOTO<\/a>\n\t\t\t\t<\/h6>\n\t\t\t<\/div>\n\t\t\t\t\t\t<div class='uagb-post__text'> \n\t\t\t<div class=\"uagb-post-grid-byline\">\n\t\t\t\t\t\t\t<\/div>\n\t\t\t<\/div>\n\t\t\t\t\t\t\t<div class='uagb-post__text'> \n\t\t\t\t\t<div class=\"uagb-post__excerpt\">\n\t\t\t\t\t\tEOTO e.V.\n\n\n\nEach One Teach One (EOTO) e.V. ist ein Community-basiertes Bildungs- und Empowerment-Projekt in Berlin. Im Jahr 2012 gegr\u00fcndet, er\u00f6ffnete der Verein im M\u00e4rz 2014 \u2026\t\t\t\t\t<\/div>\n\t\t\t<\/div>\n\t\t\t\t\t\t<div class='uagb-post__text'> \n\t\t\t\t<div class=\"uagb-post__cta wp-block-button\">\n\t\t\t\t\t<a class=\"wp-block-button__link uagb-text-link\" href=\"https:\/\/kidscourage.blinkenbox.net\/index.php\/2022\/02\/25\/ansprechpartnerin-eoto\/\" target=\"_self\" rel=\"bookmark noopener noreferrer\">Weiterlesen<\/a>\n\t\t\t\t<\/div>\n\t\t\t<\/div>\n\t\t\t\t\t\t\t\t<\/div>\n\t\t\t\t\t\t\t\t\t<\/article>\n\t\t\t\t\t\t\t\t<article >\n\t\t\t\t\t\t\t\t\t\t<div class=\"uagb-post__inner-wrap\">\n\t\t\t\t\t\t\t\t\t\t\t\t\t\t\t<div class='uagb-post__image'>\n\t\t\t\t<a href=\"https:\/\/kidscourage.blinkenbox.net\/index.php\/2022\/02\/25\/publikation-rassismuskritischer-leitfaden\/\" target=\"_self\" rel=\"bookmark noopener noreferrer\"><img loading=\"lazy\" decoding=\"async\" width=\"1000\" height=\"400\" src=\"https:\/\/kidscourage.blinkenbox.net\/wp-content\/uploads\/2022\/02\/22_13_16_post_header2.png\" class=\"attachment-large size-large\" alt=\"\" srcset=\"https:\/\/kidscourage.blinkenbox.net\/wp-content\/uploads\/2022\/02\/22_13_16_post_header2.png 1000w, https:\/\/kidscourage.blinkenbox.net\/wp-content\/uploads\/2022\/02\/22_13_16_post_header2-300x120.png 300w, https:\/\/kidscourage.blinkenbox.net\/wp-content\/uploads\/2022\/02\/22_13_16_post_header2-768x307.png 768w\" sizes=\"auto, (max-width: 1000px) 100vw, 1000px\" \/>\t\t\t\t<\/a>\n\t\t\t<\/div>\n\t\t\t\t\t\t<div class='uagb-post__text'> \n\t\t\t\t<h6 class=\"uagb-post__title\">\n\t\t\t\t\t<a href=\"https:\/\/kidscourage.blinkenbox.net\/index.php\/2022\/02\/25\/publikation-rassismuskritischer-leitfaden\/\" target=\"_self\" rel=\"bookmark noopener noreferrer\">Publikation: Rassismuskritischer Leitfaden<\/a>\n\t\t\t\t<\/h6>\n\t\t\t<\/div>\n\t\t\t\t\t\t<div class='uagb-post__text'> \n\t\t\t<div class=\"uagb-post-grid-byline\">\n\t\t\t\t\t\t\t<\/div>\n\t\t\t<\/div>\n\t\t\t\t\t\t\t<div class='uagb-post__text'> \n\t\t\t\t\t<div class=\"uagb-post__excerpt\">\n\t\t\t\t\t\tRassismuskritischer Leitfaden\n\n\n\nWeitere Informationen zum rassimuskritischen Leitfaden sind in Bearbeitung.\t\t\t\t\t<\/div>\n\t\t\t<\/div>\n\t\t\t\t\t\t<div class='uagb-post__text'> \n\t\t\t\t<div class=\"uagb-post__cta wp-block-button\">\n\t\t\t\t\t<a class=\"wp-block-button__link uagb-text-link\" href=\"https:\/\/kidscourage.blinkenbox.net\/index.php\/2022\/02\/25\/publikation-rassismuskritischer-leitfaden\/\" target=\"_self\" rel=\"bookmark noopener noreferrer\">Weiterlesen<\/a>\n\t\t\t\t<\/div>\n\t\t\t<\/div>\n\t\t\t\t\t\t\t\t<\/div>\n\t\t\t\t\t\t\t\t\t<\/article>\n\t\t\t\t\t\t\t\t<article >\n\t\t\t\t\t\t\t\t\t\t<div class=\"uagb-post__inner-wrap\">\n\t\t\t\t\t\t\t\t\t\t\t\t\t\t\t<div class='uagb-post__image'>\n\t\t\t\t<a href=\"https:\/\/kidscourage.blinkenbox.net\/index.php\/2022\/02\/25\/publikation-intersektionale-kinderbuchliste\/\" target=\"_self\" rel=\"bookmark noopener noreferrer\"><img loading=\"lazy\" decoding=\"async\" width=\"1000\" height=\"400\" src=\"https:\/\/kidscourage.blinkenbox.net\/wp-content\/uploads\/2022\/02\/22_13_16_post_header.png\" class=\"attachment-large size-large\" alt=\"\" srcset=\"https:\/\/kidscourage.blinkenbox.net\/wp-content\/uploads\/2022\/02\/22_13_16_post_header.png 1000w, https:\/\/kidscourage.blinkenbox.net\/wp-content\/uploads\/2022\/02\/22_13_16_post_header-300x120.png 300w, https:\/\/kidscourage.blinkenbox.net\/wp-content\/uploads\/2022\/02\/22_13_16_post_header-768x307.png 768w\" sizes=\"auto, (max-width: 1000px) 100vw, 1000px\" \/>\t\t\t\t<\/a>\n\t\t\t<\/div>\n\t\t\t\t\t\t<div class='uagb-post__text'> \n\t\t\t\t<h6 class=\"uagb-post__title\">\n\t\t\t\t\t<a href=\"https:\/\/kidscourage.blinkenbox.net\/index.php\/2022\/02\/25\/publikation-intersektionale-kinderbuchliste\/\" target=\"_self\" rel=\"bookmark noopener noreferrer\">Publikation: intersektionale Kinderbuchliste<\/a>\n\t\t\t\t<\/h6>\n\t\t\t<\/div>\n\t\t\t\t\t\t<div class='uagb-post__text'> \n\t\t\t<div class=\"uagb-post-grid-byline\">\n\t\t\t\t\t\t\t<\/div>\n\t\t\t<\/div>\n\t\t\t\t\t\t\t<div class='uagb-post__text'> \n\t\t\t\t\t<div class=\"uagb-post__excerpt\">\n\t\t\t\t\t\ti-P\u00e4d &#8211; intersektionale Kinderbuchliste\n\n\n\nDas Projekt \u201ei-P\u00e4d \u2013 intersektionale P\u00e4dagogik\u201c existiert seit August 2011. Es ist ein Projekt, dass die Anerkennung der Komplexit\u00e4t von Identit\u00e4ten in \u2026\t\t\t\t\t<\/div>\n\t\t\t<\/div>\n\t\t\t\t\t\t<div class='uagb-post__text'> \n\t\t\t\t<div class=\"uagb-post__cta wp-block-button\">\n\t\t\t\t\t<a class=\"wp-block-button__link uagb-text-link\" href=\"https:\/\/kidscourage.blinkenbox.net\/index.php\/2022\/02\/25\/publikation-intersektionale-kinderbuchliste\/\" target=\"_self\" rel=\"bookmark noopener noreferrer\">Weiterlesen<\/a>\n\t\t\t\t<\/div>\n\t\t\t<\/div>\n\t\t\t\t\t\t\t\t<\/div>\n\t\t\t\t\t\t\t\t\t<\/article>\n\t\t\t\t\t\t\t\t<\/div>\n\t\t\t\t\t\t\t<\/div>\n\t\t\t","protected":false},"excerpt":{"rendered":"<p>Publikationen &amp; Ansprechpartner*innen Wir m\u00f6chten gerne unser Wissen zu den Themen Kinderrechte &amp; Antidiskriminierung mit Die teilen. Deshalb stellen wir Interessent*innen hier Initiativen, Organisationen und Publikationen vor, die zu diesen Themen arbeiten. Hier findest du Eintr\u00e4ge zu Publikationen; so kannst Du Dir f\u00fcr Deinen n\u00e4chsten Workshop oder eine Unterrichtseinheit in der Schule Inspiration f\u00fcr Methoden [&hellip;]<\/p>\n","protected":false},"author":2,"featured_media":0,"parent":0,"menu_order":0,"comment_status":"closed","ping_status":"closed","template":"","meta":{"footnotes":""},"class_list":["post-68","page","type-page","status-publish","hentry","entry"],"uagb_featured_image_src":{"full":false,"thumbnail":false,"medium":false,"medium_large":false,"large":false,"1536x1536":false,"2048x2048":false,"ocean-thumb-m":false,"ocean-thumb-ml":false,"ocean-thumb-l":false},"uagb_author_info":{"display_name":"courage-admin","author_link":"https:\/\/kidscourage.blinkenbox.net\/index.php\/author\/courage-admin\/"},"uagb_comment_info":0,"uagb_excerpt":"Publikationen &amp; Ansprechpartner*innen Wir m\u00f6chten gerne unser Wissen zu den Themen Kinderrechte &amp; Antidiskriminierung mit Die teilen. Deshalb stellen wir Interessent*innen hier Initiativen, Organisationen und Publikationen vor, die zu diesen Themen arbeiten. Hier findest du Eintr\u00e4ge zu Publikationen; so kannst Du Dir f\u00fcr Deinen n\u00e4chsten Workshop oder eine Unterrichtseinheit in der Schule Inspiration f\u00fcr Methoden&hellip;","_links":{"self":[{"href":"https:\/\/kidscourage.blinkenbox.net\/index.php\/wp-json\/wp\/v2\/pages\/68","targetHints":{"allow":["GET"]}}],"collection":[{"href":"https:\/\/kidscourage.blinkenbox.net\/index.php\/wp-json\/wp\/v2\/pages"}],"about":[{"href":"https:\/\/kidscourage.blinkenbox.net\/index.php\/wp-json\/wp\/v2\/types\/page"}],"author":[{"embeddable":true,"href":"https:\/\/kidscourage.blinkenbox.net\/index.php\/wp-json\/wp\/v2\/users\/2"}],"replies":[{"embeddable":true,"href":"https:\/\/kidscourage.blinkenbox.net\/index.php\/wp-json\/wp\/v2\/comments?post=68"}],"version-history":[{"count":17,"href":"https:\/\/kidscourage.blinkenbox.net\/index.php\/wp-json\/wp\/v2\/pages\/68\/revisions"}],"predecessor-version":[{"id":1258,"href":"https:\/\/kidscourage.blinkenbox.net\/index.php\/wp-json\/wp\/v2\/pages\/68\/revisions\/1258"}],"wp:attachment":[{"href":"https:\/\/kidscourage.blinkenbox.net\/index.php\/wp-json\/wp\/v2\/media?parent=68"}],"curies":[{"name":"wp","href":"https:\/\/api.w.org\/{rel}","templated":true}]}}