{"id":66,"date":"2021-04-13T16:39:36","date_gmt":"2021-04-13T14:39:36","guid":{"rendered":"https:\/\/kidscourage.blinkenbox.net\/?page_id=66"},"modified":"2022-04-06T14:24:49","modified_gmt":"2022-04-06T12:24:49","slug":"kidscourage-kommt-in-eure-klassen","status":"publish","type":"page","link":"https:\/\/kidscourage.blinkenbox.net\/index.php\/kidscourage-kommt-in-eure-klassen\/","title":{"rendered":"KidsCourage kommt in Deine Klasse(n)!"},"content":{"rendered":"\n<h1 class=\"wp-block-heading\">KidsCourage kommt in Deine Klasse(n)!<\/h1>\n\n\n\n<figure class=\"wp-block-image size-full\"><img loading=\"lazy\" decoding=\"async\" width=\"1000\" height=\"400\" src=\"https:\/\/kidscourage.blinkenbox.net\/wp-content\/uploads\/2022\/03\/29_03_16_illus5.png\" alt=\"\" class=\"wp-image-952\" srcset=\"https:\/\/kidscourage.blinkenbox.net\/wp-content\/uploads\/2022\/03\/29_03_16_illus5.png 1000w, https:\/\/kidscourage.blinkenbox.net\/wp-content\/uploads\/2022\/03\/29_03_16_illus5-300x120.png 300w, https:\/\/kidscourage.blinkenbox.net\/wp-content\/uploads\/2022\/03\/29_03_16_illus5-768x307.png 768w\" sizes=\"auto, (max-width: 1000px) 100vw, 1000px\" \/><\/figure>\n\n\n\n<h4 class=\"wp-block-heading\">UNSERE PROJEKTTAGE<\/h4>\n\n\n\n<p>Unsere Projekttage vermitteln den Grundsch\u00fcler*innen ihre Kinderrechte, wobei aber ihr besonderes Recht auf Nichtdiskriminierung (Artikel 2, UN-Kinderrechtskonvention) im Fokus steht. Die Projekttage best\u00e4rken die Kinder in ihrem&nbsp;<strong>Selbstbewusstsein<\/strong>, regen dazu an,&nbsp;<strong>Respekt f\u00fcr Vielfalt<\/strong>&nbsp;zu entwickeln, sensibilisieren sie f\u00fcr&nbsp;<strong>eigenes vorurteilsbehaftetes und diskriminierendes Verhalten&nbsp;<\/strong>und motivieren sie,&nbsp;<strong>gegen gesellschaftliche Ungleichbehandlung aktiv<\/strong>&nbsp;zu werden.<\/p>\n\n\n\n<p>So verl\u00e4uft ein Projekttag mit KidsCourage:<\/p>\n\n\n\n<ul class=\"wp-block-list\"><li>Zwei gut ausgebildete Teamer*innen gestalten einen Schultag (5,5 Unterrichtsstunden) mit Deiner Klasse.<\/li><li>Die Sch\u00fcler*innen lernen die UN-Kinderrechtskonvention und ihre dazugeh\u00f6rigen Rechte kennen. <\/li><li>Die Sch\u00fcler*innen \u00fcberpr\u00fcfen das Kinderrecht auf seine direkte Umsetzung&nbsp;und Einhaltung vor dem Hintergrund ihrer eigenen Erfahrungen.<\/li><li>Den Schwerpunkt stellt dabei ihr besonderes Recht auf Nicht-Diskriminierung dar.<\/li><li>Die Sch\u00fcler*innen setzen sich spielerisch und handlungsorientiert mit den Inhalten auseinander.<\/li><li>Am Ende des Projekttages steht ggf. eine gemeinsame&nbsp;Aktion, die \u00fcber das ausgew\u00e4hlte Kinderrecht&nbsp;informiert und zum weiteren Handeln anregen soll.<\/li><\/ul>\n\n\n\n<figure class=\"wp-block-image size-large\"><img loading=\"lazy\" decoding=\"async\" width=\"1024\" height=\"14\" src=\"https:\/\/kidscourage.blinkenbox.net\/wp-content\/uploads\/2021\/05\/divider_tabelle_2-1024x14.png\" alt=\"\" class=\"wp-image-635\" srcset=\"https:\/\/kidscourage.blinkenbox.net\/wp-content\/uploads\/2021\/05\/divider_tabelle_2-1024x14.png 1024w, https:\/\/kidscourage.blinkenbox.net\/wp-content\/uploads\/2021\/05\/divider_tabelle_2-300x4.png 300w, https:\/\/kidscourage.blinkenbox.net\/wp-content\/uploads\/2021\/05\/divider_tabelle_2-768x10.png 768w, https:\/\/kidscourage.blinkenbox.net\/wp-content\/uploads\/2021\/05\/divider_tabelle_2-1536x20.png 1536w, https:\/\/kidscourage.blinkenbox.net\/wp-content\/uploads\/2021\/05\/divider_tabelle_2-2048x27.png 2048w\" sizes=\"auto, (max-width: 1024px) 100vw, 1024px\" \/><\/figure>\n\n\n\n<p>Mehr Informationen zu unseren Projektagen bekommst Du&nbsp;hier:<\/p>\n\n\n\n\t\t\t<div class=\"uagb-post-grid  uagb-post__image-position-top uagb-block-f00170e7   \" data-total=\"1\">\n\n\t\t\t\t<div class=\"uagb-post__items uagb-post__columns-3 is-grid uagb-post__columns-tablet-2 uagb-post__columns-mobile-1 uagb-post__equal-height\">\n\n\t\t\t\t\t\t\t\t<article >\n\t\t\t\t\t\t\t\t\t\t<div class=\"uagb-post__inner-wrap\">\n\t\t\t\t\t\t\t\t\t\t\t\t\t\t\t<div class='uagb-post__image'>\n\t\t\t\t<a href=\"https:\/\/kidscourage.blinkenbox.net\/index.php\/2021\/04\/13\/projekttag-f\/\" target=\"_self\" rel=\"bookmark noopener noreferrer\"><img loading=\"lazy\" decoding=\"async\" width=\"1024\" height=\"644\" src=\"https:\/\/kidscourage.blinkenbox.net\/wp-content\/uploads\/2021\/04\/schutz-vor-gewalt-scaled-e1618995727764-1024x644.jpg\" class=\"attachment-large size-large\" alt=\"\" srcset=\"https:\/\/kidscourage.blinkenbox.net\/wp-content\/uploads\/2021\/04\/schutz-vor-gewalt-scaled-e1618995727764-1024x644.jpg 1024w, https:\/\/kidscourage.blinkenbox.net\/wp-content\/uploads\/2021\/04\/schutz-vor-gewalt-scaled-e1618995727764-300x189.jpg 300w, https:\/\/kidscourage.blinkenbox.net\/wp-content\/uploads\/2021\/04\/schutz-vor-gewalt-scaled-e1618995727764-768x483.jpg 768w, https:\/\/kidscourage.blinkenbox.net\/wp-content\/uploads\/2021\/04\/schutz-vor-gewalt-scaled-e1618995727764-1536x967.jpg 1536w, https:\/\/kidscourage.blinkenbox.net\/wp-content\/uploads\/2021\/04\/schutz-vor-gewalt-scaled-e1618995727764.jpg 1810w\" sizes=\"auto, (max-width: 1024px) 100vw, 1024px\" \/>\t\t\t\t<\/a>\n\t\t\t<\/div>\n\t\t\t\t\t\t<div class='uagb-post__text'> \n\t\t\t\t<h6 class=\"uagb-post__title\">\n\t\t\t\t\t<a href=\"https:\/\/kidscourage.blinkenbox.net\/index.php\/2021\/04\/13\/projekttag-f\/\" target=\"_self\" rel=\"bookmark noopener noreferrer\">Projekttag F &#8211; \u201eF\u00fcr Kinderrechte\u201c<\/a>\n\t\t\t\t<\/h6>\n\t\t\t<\/div>\n\t\t\t\t\t\t<div class='uagb-post__text'> \n\t\t\t<div class=\"uagb-post-grid-byline\">\n\t\t\t\t\t\t\t<\/div>\n\t\t\t<\/div>\n\t\t\t\t\t\t\t<div class='uagb-post__text'> \n\t\t\t\t\t<div class=\"uagb-post__excerpt\">\n\t\t\t\t\t\tProjekttag F \u201eF\u00fcr Kinderrechte\u201c erm\u00f6glicht den Grundsch\u00fcler*innen auf spielerische und handlungsorientierte Art ihre Rechte und die UN-Kinderrechtskonventionen kennenzulernen. Den Zugang dazu finden die Kinder durch \u2026\t\t\t\t\t<\/div>\n\t\t\t<\/div>\n\t\t\t\t\t\t<div class='uagb-post__text'> \n\t\t\t\t<div class=\"uagb-post__cta wp-block-button\">\n\t\t\t\t\t<a class=\"wp-block-button__link uagb-text-link\" href=\"https:\/\/kidscourage.blinkenbox.net\/index.php\/2021\/04\/13\/projekttag-f\/\" target=\"_self\" rel=\"bookmark noopener noreferrer\">Weiterlesen<\/a>\n\t\t\t\t<\/div>\n\t\t\t<\/div>\n\t\t\t\t\t\t\t\t<\/div>\n\t\t\t\t\t\t\t\t\t<\/article>\n\t\t\t\t\t\t\t\t<article >\n\t\t\t\t\t\t\t\t\t\t<div class=\"uagb-post__inner-wrap\">\n\t\t\t\t\t\t\t\t\t\t\t\t\t\t\t<div class='uagb-post__image'>\n\t\t\t\t<a href=\"https:\/\/kidscourage.blinkenbox.net\/index.php\/2021\/04\/13\/projekttag-e\/\" target=\"_self\" rel=\"bookmark noopener noreferrer\"><img loading=\"lazy\" decoding=\"async\" width=\"1024\" height=\"583\" src=\"https:\/\/kidscourage.blinkenbox.net\/wp-content\/uploads\/2021\/04\/meinungsfreiheit-scaled-e1618995695883-1024x583.jpg\" class=\"attachment-large size-large\" alt=\"\" srcset=\"https:\/\/kidscourage.blinkenbox.net\/wp-content\/uploads\/2021\/04\/meinungsfreiheit-scaled-e1618995695883-1024x583.jpg 1024w, https:\/\/kidscourage.blinkenbox.net\/wp-content\/uploads\/2021\/04\/meinungsfreiheit-scaled-e1618995695883-300x171.jpg 300w, https:\/\/kidscourage.blinkenbox.net\/wp-content\/uploads\/2021\/04\/meinungsfreiheit-scaled-e1618995695883-768x437.jpg 768w, https:\/\/kidscourage.blinkenbox.net\/wp-content\/uploads\/2021\/04\/meinungsfreiheit-scaled-e1618995695883-1536x874.jpg 1536w, https:\/\/kidscourage.blinkenbox.net\/wp-content\/uploads\/2021\/04\/meinungsfreiheit-scaled-e1618995695883.jpg 1810w\" sizes=\"auto, (max-width: 1024px) 100vw, 1024px\" \/>\t\t\t\t<\/a>\n\t\t\t<\/div>\n\t\t\t\t\t\t<div class='uagb-post__text'> \n\t\t\t\t<h6 class=\"uagb-post__title\">\n\t\t\t\t\t<a href=\"https:\/\/kidscourage.blinkenbox.net\/index.php\/2021\/04\/13\/projekttag-e\/\" target=\"_self\" rel=\"bookmark noopener noreferrer\">Projekttag E &#8211; \u201eVielfalt lebt!\u201c<\/a>\n\t\t\t\t<\/h6>\n\t\t\t<\/div>\n\t\t\t\t\t\t<div class='uagb-post__text'> \n\t\t\t<div class=\"uagb-post-grid-byline\">\n\t\t\t\t\t\t\t<\/div>\n\t\t\t<\/div>\n\t\t\t\t\t\t\t<div class='uagb-post__text'> \n\t\t\t\t\t<div class=\"uagb-post__excerpt\">\n\t\t\t\t\t\tDie Grundsch\u00fcler*innen wird im Rahmen des Projekttags E \u201eVielfalt lebt!\u201c spielwerisch die Konstruktion von Eigenem und Fremdem sowie die Akzeptanz von Unterschieden beigebracht. Sie werden \u2026\t\t\t\t\t<\/div>\n\t\t\t<\/div>\n\t\t\t\t\t\t<div class='uagb-post__text'> \n\t\t\t\t<div class=\"uagb-post__cta wp-block-button\">\n\t\t\t\t\t<a class=\"wp-block-button__link uagb-text-link\" href=\"https:\/\/kidscourage.blinkenbox.net\/index.php\/2021\/04\/13\/projekttag-e\/\" target=\"_self\" rel=\"bookmark noopener noreferrer\">Weiterlesen<\/a>\n\t\t\t\t<\/div>\n\t\t\t<\/div>\n\t\t\t\t\t\t\t\t<\/div>\n\t\t\t\t\t\t\t\t\t<\/article>\n\t\t\t\t\t\t\t\t<article >\n\t\t\t\t\t\t\t\t\t\t<div class=\"uagb-post__inner-wrap\">\n\t\t\t\t\t\t\t\t\t\t\t\t\t\t\t<div class='uagb-post__image'>\n\t\t\t\t<a href=\"https:\/\/kidscourage.blinkenbox.net\/index.php\/2021\/04\/13\/projekttag-b\/\" target=\"_self\" rel=\"bookmark noopener noreferrer\"><img loading=\"lazy\" decoding=\"async\" width=\"1024\" height=\"652\" src=\"https:\/\/kidscourage.blinkenbox.net\/wp-content\/uploads\/2021\/04\/bildung-scaled-e1618995658828-1024x652.jpg\" class=\"attachment-large size-large\" alt=\"\" srcset=\"https:\/\/kidscourage.blinkenbox.net\/wp-content\/uploads\/2021\/04\/bildung-scaled-e1618995658828-1024x652.jpg 1024w, https:\/\/kidscourage.blinkenbox.net\/wp-content\/uploads\/2021\/04\/bildung-scaled-e1618995658828-300x191.jpg 300w, https:\/\/kidscourage.blinkenbox.net\/wp-content\/uploads\/2021\/04\/bildung-scaled-e1618995658828-768x489.jpg 768w, https:\/\/kidscourage.blinkenbox.net\/wp-content\/uploads\/2021\/04\/bildung-scaled-e1618995658828-1536x978.jpg 1536w, https:\/\/kidscourage.blinkenbox.net\/wp-content\/uploads\/2021\/04\/bildung-scaled-e1618995658828.jpg 1810w\" sizes=\"auto, (max-width: 1024px) 100vw, 1024px\" \/>\t\t\t\t<\/a>\n\t\t\t<\/div>\n\t\t\t\t\t\t<div class='uagb-post__text'> \n\t\t\t\t<h6 class=\"uagb-post__title\">\n\t\t\t\t\t<a href=\"https:\/\/kidscourage.blinkenbox.net\/index.php\/2021\/04\/13\/projekttag-b\/\" target=\"_self\" rel=\"bookmark noopener noreferrer\">Projekttag B &#8211; \u201eKinder und Flucht\u201c<\/a>\n\t\t\t\t<\/h6>\n\t\t\t<\/div>\n\t\t\t\t\t\t<div class='uagb-post__text'> \n\t\t\t<div class=\"uagb-post-grid-byline\">\n\t\t\t\t\t\t\t<\/div>\n\t\t\t<\/div>\n\t\t\t\t\t\t\t<div class='uagb-post__text'> \n\t\t\t\t\t<div class=\"uagb-post__excerpt\">\n\t\t\t\t\t\tIn Projekttag B lernen die Kinder mit Bezug auf ihre eigenen Erfahrungen mit Umzug, Flucht oder Migration das Recht auf Flucht in Verbindung mit dem \u2026\t\t\t\t\t<\/div>\n\t\t\t<\/div>\n\t\t\t\t\t\t<div class='uagb-post__text'> \n\t\t\t\t<div class=\"uagb-post__cta wp-block-button\">\n\t\t\t\t\t<a class=\"wp-block-button__link uagb-text-link\" href=\"https:\/\/kidscourage.blinkenbox.net\/index.php\/2021\/04\/13\/projekttag-b\/\" target=\"_self\" rel=\"bookmark noopener noreferrer\">Weiterlesen<\/a>\n\t\t\t\t<\/div>\n\t\t\t<\/div>\n\t\t\t\t\t\t\t\t<\/div>\n\t\t\t\t\t\t\t\t\t<\/article>\n\t\t\t\t\t\t\t\t<article >\n\t\t\t\t\t\t\t\t\t\t<div class=\"uagb-post__inner-wrap\">\n\t\t\t\t\t\t\t\t\t\t\t\t\t\t\t<div class='uagb-post__image'>\n\t\t\t\t<a href=\"https:\/\/kidscourage.blinkenbox.net\/index.php\/2021\/04\/13\/projekttag-a\/\" target=\"_self\" rel=\"bookmark noopener noreferrer\"><img loading=\"lazy\" decoding=\"async\" width=\"1024\" height=\"695\" src=\"https:\/\/kidscourage.blinkenbox.net\/wp-content\/uploads\/2021\/04\/antidiskriminierung-scaled-e1618995602499-1024x695.jpg\" class=\"attachment-large size-large\" alt=\"\" srcset=\"https:\/\/kidscourage.blinkenbox.net\/wp-content\/uploads\/2021\/04\/antidiskriminierung-scaled-e1618995602499-1024x695.jpg 1024w, https:\/\/kidscourage.blinkenbox.net\/wp-content\/uploads\/2021\/04\/antidiskriminierung-scaled-e1618995602499-300x204.jpg 300w, https:\/\/kidscourage.blinkenbox.net\/wp-content\/uploads\/2021\/04\/antidiskriminierung-scaled-e1618995602499-768x521.jpg 768w, https:\/\/kidscourage.blinkenbox.net\/wp-content\/uploads\/2021\/04\/antidiskriminierung-scaled-e1618995602499-1536x1042.jpg 1536w, https:\/\/kidscourage.blinkenbox.net\/wp-content\/uploads\/2021\/04\/antidiskriminierung-scaled-e1618995602499.jpg 1810w\" sizes=\"auto, (max-width: 1024px) 100vw, 1024px\" \/>\t\t\t\t<\/a>\n\t\t\t<\/div>\n\t\t\t\t\t\t<div class='uagb-post__text'> \n\t\t\t\t<h6 class=\"uagb-post__title\">\n\t\t\t\t\t<a href=\"https:\/\/kidscourage.blinkenbox.net\/index.php\/2021\/04\/13\/projekttag-a\/\" target=\"_self\" rel=\"bookmark noopener noreferrer\">Projekttag A &#8211; \u201eAnderssein gewinnt!\u201c<\/a>\n\t\t\t\t<\/h6>\n\t\t\t<\/div>\n\t\t\t\t\t\t<div class='uagb-post__text'> \n\t\t\t<div class=\"uagb-post-grid-byline\">\n\t\t\t\t\t\t\t<\/div>\n\t\t\t<\/div>\n\t\t\t\t\t\t\t<div class='uagb-post__text'> \n\t\t\t\t\t<div class=\"uagb-post__excerpt\">\n\t\t\t\t\t\tIn Projekttag A soll den Sch\u00fcler*innen auf spielerische Art in erster Stelle ihr Recht auf Nicht-Diskriminierung bewusster gemacht werden. Hierbei soll es in Verbindung mit \u2026\t\t\t\t\t<\/div>\n\t\t\t<\/div>\n\t\t\t\t\t\t<div class='uagb-post__text'> \n\t\t\t\t<div class=\"uagb-post__cta wp-block-button\">\n\t\t\t\t\t<a class=\"wp-block-button__link uagb-text-link\" href=\"https:\/\/kidscourage.blinkenbox.net\/index.php\/2021\/04\/13\/projekttag-a\/\" target=\"_self\" rel=\"bookmark noopener noreferrer\">Weiterlesen<\/a>\n\t\t\t\t<\/div>\n\t\t\t<\/div>\n\t\t\t\t\t\t\t\t<\/div>\n\t\t\t\t\t\t\t\t\t<\/article>\n\t\t\t\t\t\t\t\t<\/div>\n\t\t\t\t\t\t\t<\/div>\n\t\t\t\n\n\n<div class=\"wp-block-buttons is-layout-flex wp-block-buttons-is-layout-flex\">\n<div class=\"wp-block-button is-style-outline is-style-outline--1\"><a class=\"wp-block-button__link\" href=\"https:\/\/kidscourage.blinkenbox.net\/index.php\/projekttag-buchen\/\">Projekttag buchen<\/a><\/div>\n<\/div>\n","protected":false},"excerpt":{"rendered":"<p>KidsCourage kommt in Deine Klasse(n)! UNSERE PROJEKTTAGE Unsere Projekttage vermitteln den Grundsch\u00fcler*innen ihre Kinderrechte, wobei aber ihr besonderes Recht auf Nichtdiskriminierung (Artikel 2, UN-Kinderrechtskonvention) im Fokus steht. Die Projekttage best\u00e4rken die Kinder in ihrem&nbsp;Selbstbewusstsein, regen dazu an,&nbsp;Respekt f\u00fcr Vielfalt&nbsp;zu entwickeln, sensibilisieren sie f\u00fcr&nbsp;eigenes vorurteilsbehaftetes und diskriminierendes Verhalten&nbsp;und motivieren sie,&nbsp;gegen gesellschaftliche Ungleichbehandlung aktiv&nbsp;zu werden. So verl\u00e4uft [&hellip;]<\/p>\n","protected":false},"author":2,"featured_media":0,"parent":0,"menu_order":0,"comment_status":"closed","ping_status":"closed","template":"","meta":{"footnotes":""},"class_list":["post-66","page","type-page","status-publish","hentry","entry"],"uagb_featured_image_src":{"full":false,"thumbnail":false,"medium":false,"medium_large":false,"large":false,"1536x1536":false,"2048x2048":false,"ocean-thumb-m":false,"ocean-thumb-ml":false,"ocean-thumb-l":false},"uagb_author_info":{"display_name":"courage-admin","author_link":"https:\/\/kidscourage.blinkenbox.net\/index.php\/author\/courage-admin\/"},"uagb_comment_info":0,"uagb_excerpt":"KidsCourage kommt in Deine Klasse(n)! UNSERE PROJEKTTAGE Unsere Projekttage vermitteln den Grundsch\u00fcler*innen ihre Kinderrechte, wobei aber ihr besonderes Recht auf Nichtdiskriminierung (Artikel 2, UN-Kinderrechtskonvention) im Fokus steht. Die Projekttage best\u00e4rken die Kinder in ihrem&nbsp;Selbstbewusstsein, regen dazu an,&nbsp;Respekt f\u00fcr Vielfalt&nbsp;zu entwickeln, sensibilisieren sie f\u00fcr&nbsp;eigenes vorurteilsbehaftetes und diskriminierendes Verhalten&nbsp;und motivieren sie,&nbsp;gegen gesellschaftliche Ungleichbehandlung aktiv&nbsp;zu werden. So verl\u00e4uft&hellip;","_links":{"self":[{"href":"https:\/\/kidscourage.blinkenbox.net\/index.php\/wp-json\/wp\/v2\/pages\/66","targetHints":{"allow":["GET"]}}],"collection":[{"href":"https:\/\/kidscourage.blinkenbox.net\/index.php\/wp-json\/wp\/v2\/pages"}],"about":[{"href":"https:\/\/kidscourage.blinkenbox.net\/index.php\/wp-json\/wp\/v2\/types\/page"}],"author":[{"embeddable":true,"href":"https:\/\/kidscourage.blinkenbox.net\/index.php\/wp-json\/wp\/v2\/users\/2"}],"replies":[{"embeddable":true,"href":"https:\/\/kidscourage.blinkenbox.net\/index.php\/wp-json\/wp\/v2\/comments?post=66"}],"version-history":[{"count":14,"href":"https:\/\/kidscourage.blinkenbox.net\/index.php\/wp-json\/wp\/v2\/pages\/66\/revisions"}],"predecessor-version":[{"id":1214,"href":"https:\/\/kidscourage.blinkenbox.net\/index.php\/wp-json\/wp\/v2\/pages\/66\/revisions\/1214"}],"wp:attachment":[{"href":"https:\/\/kidscourage.blinkenbox.net\/index.php\/wp-json\/wp\/v2\/media?parent=66"}],"curies":[{"name":"wp","href":"https:\/\/api.w.org\/{rel}","templated":true}]}}