{"id":504,"date":"2021-04-21T11:31:38","date_gmt":"2021-04-21T09:31:38","guid":{"rendered":"https:\/\/kidscourage.blinkenbox.net\/?page_id=504"},"modified":"2022-04-06T15:51:04","modified_gmt":"2022-04-06T13:51:04","slug":"impressum","status":"publish","type":"page","link":"https:\/\/kidscourage.blinkenbox.net\/index.php\/impressum\/","title":{"rendered":"Impressum"},"content":{"rendered":"\n<h1 class=\"wp-block-heading\">Impressum<\/h1>\n\n\n\n<h2 class=\"wp-block-heading\">Kontakt<\/h2>\n\n\n\n<p><a href=\"https:\/\/kidscourage.blinkenbox.net\/index.php\/impressum-kontakt\/\" data-type=\"URL\" data-id=\"https:\/\/kidscourage.blinkenbox.net\/index.php\/impressum-kontakt\/\">So k\u00f6nnt ihr uns kontaktieren!<\/a><\/p>\n\n\n\n<h2 class=\"wp-block-heading\">Herausgeberin und verantwortlich f\u00fcr den Inhalt<\/h2>\n\n\n\n<p>Die Internetseiten des Landesverbandes der Sozialistischen Jugend \u2013 Die Falken Berlin werden betreut durch die Gesch\u00e4ftsf\u00fchrer*innen des Landesverbandes und der jeweiligen Projektleitung. Zu erreichen sind sie unter&nbsp;<a href=\"mailto:info@falken-berlin.de\">info@falken-berlin.de<\/a>.<\/p>\n\n\n\n<p><strong>Angaben gem\u00e4\u00df \u00a7 5 TMG, sowie verantwortlich f\u00fcr den Inhalt nach \u00a7 55 Abs. 2 RStV:<\/strong><\/p>\n\n\n\n<p>Sozialistische Jugend \u2013 Die Falken Landesverband Berlin<br>\u2013 Landesvorstand \u2013<br>Schlossstr. 19<br>D-14059 Berlin<\/p>\n\n\n\n<p>Telefon:&nbsp;<a href=\"tel:+49302805127\">030 \u2013 2 80 51 27<\/a><br>Telefax:&nbsp;<a href=\"tel:+49302826498\">030 \u2013 2 82 64 98<\/a><\/p>\n\n\n\n<p><a href=\"mailto:info@falken-berlin.de\">info@falken-berlin.de<\/a><\/p>\n\n\n\n<p><a href=\"mailto:kidscourage@falken-berlin.de\">kidscourage@falken-berlin.de<\/a><\/p>\n\n\n\n<h2 class=\"wp-block-heading\">Rechtliche Hinweise<\/h2>\n\n\n\n<p>Hiermit erkl\u00e4ren wir, keinerlei Verantwortung f\u00fcr die Inhalte der von uns verlinkten Seiten zu \u00fcbernehmen.<\/p>\n\n\n\n<h3 class=\"wp-block-heading\">Urheber- und Leistungsschutzrechte<\/h3>\n\n\n\n<p>Soweit nicht anders angegeben, liegen alle Rechte bei der SJ \u2013 Die Falken LV Berlin. Texte und Dateien, die wir unter der Angabe einer&nbsp;<a rel=\"noreferrer noopener\" href=\"https:\/\/creativecommons.org\/licenses\/by-nc-nd\/3.0\/de\/\" target=\"_blank\">Creative Commons Lizenz<\/a>&nbsp;hier ver\u00f6ffentlichen, sind entsprechend nutzbar. F\u00fcr alle anderen Inhalte gilt es, die entsprechenden Nutzungsbedingungen der Urheber zu beachten.<\/p>\n\n\n\n<p>Soweit im Einzelfall nicht anders geregelt und soweit nicht fremde Rechte betroffen sind, ist die Verbreitung der Dokumente, Bilder und Inhalte von www.falken-berlin.de als Ganzes oder in Teilen unter der Voraussetzung gew\u00fcnscht, dass die Quelle&nbsp;<strong>SJ &#8211; Die Falken LV Berlin,&nbsp;<a href=\"https:\/\/www.falken-berlin.de\/\">kidscourage@falken-berlin.de<\/a><\/strong>&nbsp;genannt wird. Eine kommerzielle Nutzung der bereitgestellten Texte, Informationen und Bilder wird ausdr\u00fccklich untersagt.<\/p>\n\n\n\n<h2 class=\"wp-block-heading\">Webdesign<\/h2>\n\n\n\n<p>Webdesign by\u00a0Ida Flik.<\/p>\n\n\n\n<h3 class=\"wp-block-heading\">Anmerkung zu barrierearmem Webdesign<\/h3>\n\n\n\n<p>Wir arbeiten daran, unsere Websiten barrierearm zu gestalten und f\u00fchren daf\u00fcr unter anderem Test mit Screenreadern sowie Test-Nutzer*innen durch. Wir freuen uns aber immer \u00fcber R\u00fcckmeldungen von euch. Kontaktiert uns gerne \u00fcber&nbsp;<a href=\"https:\/\/kidscourage.blinkenbox.net\/index.php\/impressum-kontakt\/\" data-type=\"page\" data-id=\"36\" target=\"_blank\" rel=\"noreferrer noopener\">unser Kontaktformular<\/a>!<\/p>\n","protected":false},"excerpt":{"rendered":"<p>Impressum Kontakt So k\u00f6nnt ihr uns kontaktieren! Herausgeberin und verantwortlich f\u00fcr den Inhalt Die Internetseiten des Landesverbandes der Sozialistischen Jugend \u2013 Die Falken Berlin werden betreut durch die Gesch\u00e4ftsf\u00fchrer*innen des Landesverbandes und der jeweiligen Projektleitung. Zu erreichen sind sie unter&nbsp;info@falken-berlin.de. Angaben gem\u00e4\u00df \u00a7 5 TMG, sowie verantwortlich f\u00fcr den Inhalt nach \u00a7 55 Abs. 2 [&hellip;]<\/p>\n","protected":false},"author":2,"featured_media":0,"parent":0,"menu_order":0,"comment_status":"closed","ping_status":"closed","template":"","meta":{"footnotes":""},"class_list":["post-504","page","type-page","status-publish","hentry","entry"],"uagb_featured_image_src":{"full":false,"thumbnail":false,"medium":false,"medium_large":false,"large":false,"1536x1536":false,"2048x2048":false,"ocean-thumb-m":false,"ocean-thumb-ml":false,"ocean-thumb-l":false},"uagb_author_info":{"display_name":"courage-admin","author_link":"https:\/\/kidscourage.blinkenbox.net\/index.php\/author\/courage-admin\/"},"uagb_comment_info":0,"uagb_excerpt":"Impressum Kontakt So k\u00f6nnt ihr uns kontaktieren! Herausgeberin und verantwortlich f\u00fcr den Inhalt Die Internetseiten des Landesverbandes der Sozialistischen Jugend \u2013 Die Falken Berlin werden betreut durch die Gesch\u00e4ftsf\u00fchrer*innen des Landesverbandes und der jeweiligen Projektleitung. Zu erreichen sind sie unter&nbsp;info@falken-berlin.de. Angaben gem\u00e4\u00df \u00a7 5 TMG, sowie verantwortlich f\u00fcr den Inhalt nach \u00a7 55 Abs. 2&hellip;","_links":{"self":[{"href":"https:\/\/kidscourage.blinkenbox.net\/index.php\/wp-json\/wp\/v2\/pages\/504","targetHints":{"allow":["GET"]}}],"collection":[{"href":"https:\/\/kidscourage.blinkenbox.net\/index.php\/wp-json\/wp\/v2\/pages"}],"about":[{"href":"https:\/\/kidscourage.blinkenbox.net\/index.php\/wp-json\/wp\/v2\/types\/page"}],"author":[{"embeddable":true,"href":"https:\/\/kidscourage.blinkenbox.net\/index.php\/wp-json\/wp\/v2\/users\/2"}],"replies":[{"embeddable":true,"href":"https:\/\/kidscourage.blinkenbox.net\/index.php\/wp-json\/wp\/v2\/comments?post=504"}],"version-history":[{"count":7,"href":"https:\/\/kidscourage.blinkenbox.net\/index.php\/wp-json\/wp\/v2\/pages\/504\/revisions"}],"predecessor-version":[{"id":1271,"href":"https:\/\/kidscourage.blinkenbox.net\/index.php\/wp-json\/wp\/v2\/pages\/504\/revisions\/1271"}],"wp:attachment":[{"href":"https:\/\/kidscourage.blinkenbox.net\/index.php\/wp-json\/wp\/v2\/media?parent=504"}],"curies":[{"name":"wp","href":"https:\/\/api.w.org\/{rel}","templated":true}]}}