{"id":502,"date":"2021-04-21T11:31:28","date_gmt":"2021-04-21T09:31:28","guid":{"rendered":"https:\/\/kidscourage.blinkenbox.net\/?page_id=502"},"modified":"2022-04-06T14:07:53","modified_gmt":"2022-04-06T12:07:53","slug":"team","status":"publish","type":"page","link":"https:\/\/kidscourage.blinkenbox.net\/index.php\/team\/","title":{"rendered":"Team"},"content":{"rendered":"\n<h1 class=\"wp-block-heading\">Team<\/h1>\n\n\n\n<figure class=\"wp-block-image size-large\"><img loading=\"lazy\" decoding=\"async\" width=\"1024\" height=\"410\" src=\"https:\/\/kidscourage.blinkenbox.net\/wp-content\/uploads\/2022\/04\/22_04_01_illus13-1024x410.png\" alt=\"\" class=\"wp-image-981\" srcset=\"https:\/\/kidscourage.blinkenbox.net\/wp-content\/uploads\/2022\/04\/22_04_01_illus13-1024x410.png 1024w, https:\/\/kidscourage.blinkenbox.net\/wp-content\/uploads\/2022\/04\/22_04_01_illus13-300x120.png 300w, https:\/\/kidscourage.blinkenbox.net\/wp-content\/uploads\/2022\/04\/22_04_01_illus13-768x307.png 768w, https:\/\/kidscourage.blinkenbox.net\/wp-content\/uploads\/2022\/04\/22_04_01_illus13-1536x614.png 1536w, https:\/\/kidscourage.blinkenbox.net\/wp-content\/uploads\/2022\/04\/22_04_01_illus13.png 2000w\" sizes=\"auto, (max-width: 1024px) 100vw, 1024px\" \/><\/figure>\n\n\n\n<p>Neben dem ehrenamtlichen Team, das unsere Projekttage in den Berliner Grundschulen anbietet, arbeiten auch hauptamtliche Mitarbeiter*innen im Projekt, die unsere verschiedenen Veranstaltungen organisieren, gemeinsam mit dem Team neue Projekttage konzipieren oder daf\u00fcr verantwortlich sind, unsere F\u00f6rdermittel zu beschaffen und diese abzurechnen.<\/p>\n\n\n\n<p>Unser Team m\u00f6chte sich euch hier kurz vorstellen:<\/p>\n\n\n\n<h3 class=\"wp-block-heading\">Brenda Otufowora<\/h3>\n\n\n\n<p>Brenda ist seit 2018 die Projektleitung von KidsCourage. Sie koordiniert das Projekt und ist f\u00fcr alle Bereiche verantwortlich. Sie besch\u00e4ftigt sich damit, F\u00f6rdermittel zu beantragen und diese abzurechnen. Sie koordiniert die Projekttagsanfragen, die \u00d6ffentlichkeitsarbeit im Projekt sowie auch die Konzeption unserer Projekttagskonzepte. Au\u00dferdem betreut sie das haupt- und ehrenamtliche KidsCourage-Team, legt inhaltliche Schwerpunkte und organisiert in Absprache mit dem Team Schulungen &amp; Fortbildungen.<\/p>\n\n\n\n<figure class=\"wp-block-gallery has-nested-images columns-default is-cropped wp-block-gallery-1 is-layout-flex wp-block-gallery-is-layout-flex\">\n<figure class=\"wp-block-image size-large\"><img loading=\"lazy\" decoding=\"async\" width=\"6250\" height=\"83\" data-id=\"635\" src=\"https:\/\/kidscourage.blinkenbox.net\/wp-content\/uploads\/2021\/05\/divider_tabelle_2.png\" alt=\"\" class=\"wp-image-635\" srcset=\"https:\/\/kidscourage.blinkenbox.net\/wp-content\/uploads\/2021\/05\/divider_tabelle_2.png 6250w, https:\/\/kidscourage.blinkenbox.net\/wp-content\/uploads\/2021\/05\/divider_tabelle_2-300x4.png 300w, https:\/\/kidscourage.blinkenbox.net\/wp-content\/uploads\/2021\/05\/divider_tabelle_2-1024x14.png 1024w, https:\/\/kidscourage.blinkenbox.net\/wp-content\/uploads\/2021\/05\/divider_tabelle_2-768x10.png 768w, https:\/\/kidscourage.blinkenbox.net\/wp-content\/uploads\/2021\/05\/divider_tabelle_2-1536x20.png 1536w, https:\/\/kidscourage.blinkenbox.net\/wp-content\/uploads\/2021\/05\/divider_tabelle_2-2048x27.png 2048w\" sizes=\"auto, (max-width: 6250px) 100vw, 6250px\" \/><\/figure>\n<\/figure>\n\n\n\n<h3 class=\"wp-block-heading\">Akeva Backhus Miko<\/h3>\n\n\n\n<p>Akeva ist im Bereich der Konzeptionsarbeit im Projekt t\u00e4tig. Sie unterst\u00fctzt die Projektleitung dabei, neue und bestehende Projekttage inhaltlich zu \u00fcberarbeiten und organisiert daf\u00fcr das ehrenamtliche Team, das bei der \u00dcberarbeitung mit dabei ist. Akeva ist seit 2018 Teamerin bei KidsCourage und seit 2020 feste Mitarbeiterin im Projekt.<\/p>\n\n\n\n<figure class=\"wp-block-image size-large\"><img loading=\"lazy\" decoding=\"async\" width=\"1024\" height=\"14\" src=\"https:\/\/kidscourage.blinkenbox.net\/wp-content\/uploads\/2021\/05\/divider_tabelle_2-1024x14.png\" alt=\"\" class=\"wp-image-635\" srcset=\"https:\/\/kidscourage.blinkenbox.net\/wp-content\/uploads\/2021\/05\/divider_tabelle_2-1024x14.png 1024w, https:\/\/kidscourage.blinkenbox.net\/wp-content\/uploads\/2021\/05\/divider_tabelle_2-300x4.png 300w, https:\/\/kidscourage.blinkenbox.net\/wp-content\/uploads\/2021\/05\/divider_tabelle_2-768x10.png 768w, https:\/\/kidscourage.blinkenbox.net\/wp-content\/uploads\/2021\/05\/divider_tabelle_2-1536x20.png 1536w, https:\/\/kidscourage.blinkenbox.net\/wp-content\/uploads\/2021\/05\/divider_tabelle_2-2048x27.png 2048w\" sizes=\"auto, (max-width: 1024px) 100vw, 1024px\" \/><\/figure>\n\n\n\n<h3 class=\"wp-block-heading\">Rutlina Gon\u00e7alves-Schenk<\/h3>\n\n\n\n<p>Rutlina unterst\u00fctzt die Projektleitung in der Ehrenamtskoordination im Projekt. Sie betreut das ehrenamtliche Team in allen wichtigen Bereichen und organisiert Projekt-interne Veranstaltungen mit. Rutlina ist seit 2020 Teamerin bei KidsCourage und seit 2020 feste Mitarbeiterin im Projekt.<\/p>\n\n\n\n<p>Rutlina ist derzeit in Elternzeit.<\/p>\n","protected":false},"excerpt":{"rendered":"<p>Team Neben dem ehrenamtlichen Team, das unsere Projekttage in den Berliner Grundschulen anbietet, arbeiten auch hauptamtliche Mitarbeiter*innen im Projekt, die unsere verschiedenen Veranstaltungen organisieren, gemeinsam mit dem Team neue Projekttage konzipieren oder daf\u00fcr verantwortlich sind, unsere F\u00f6rdermittel zu beschaffen und diese abzurechnen. Unser Team m\u00f6chte sich euch hier kurz vorstellen: Brenda Otufowora Brenda ist seit [&hellip;]<\/p>\n","protected":false},"author":2,"featured_media":0,"parent":0,"menu_order":0,"comment_status":"closed","ping_status":"closed","template":"","meta":{"footnotes":""},"class_list":["post-502","page","type-page","status-publish","hentry","entry"],"uagb_featured_image_src":{"full":false,"thumbnail":false,"medium":false,"medium_large":false,"large":false,"1536x1536":false,"2048x2048":false,"ocean-thumb-m":false,"ocean-thumb-ml":false,"ocean-thumb-l":false},"uagb_author_info":{"display_name":"courage-admin","author_link":"https:\/\/kidscourage.blinkenbox.net\/index.php\/author\/courage-admin\/"},"uagb_comment_info":0,"uagb_excerpt":"Team Neben dem ehrenamtlichen Team, das unsere Projekttage in den Berliner Grundschulen anbietet, arbeiten auch hauptamtliche Mitarbeiter*innen im Projekt, die unsere verschiedenen Veranstaltungen organisieren, gemeinsam mit dem Team neue Projekttage konzipieren oder daf\u00fcr verantwortlich sind, unsere F\u00f6rdermittel zu beschaffen und diese abzurechnen. Unser Team m\u00f6chte sich euch hier kurz vorstellen: Brenda Otufowora Brenda ist seit&hellip;","_links":{"self":[{"href":"https:\/\/kidscourage.blinkenbox.net\/index.php\/wp-json\/wp\/v2\/pages\/502","targetHints":{"allow":["GET"]}}],"collection":[{"href":"https:\/\/kidscourage.blinkenbox.net\/index.php\/wp-json\/wp\/v2\/pages"}],"about":[{"href":"https:\/\/kidscourage.blinkenbox.net\/index.php\/wp-json\/wp\/v2\/types\/page"}],"author":[{"embeddable":true,"href":"https:\/\/kidscourage.blinkenbox.net\/index.php\/wp-json\/wp\/v2\/users\/2"}],"replies":[{"embeddable":true,"href":"https:\/\/kidscourage.blinkenbox.net\/index.php\/wp-json\/wp\/v2\/comments?post=502"}],"version-history":[{"count":10,"href":"https:\/\/kidscourage.blinkenbox.net\/index.php\/wp-json\/wp\/v2\/pages\/502\/revisions"}],"predecessor-version":[{"id":1179,"href":"https:\/\/kidscourage.blinkenbox.net\/index.php\/wp-json\/wp\/v2\/pages\/502\/revisions\/1179"}],"wp:attachment":[{"href":"https:\/\/kidscourage.blinkenbox.net\/index.php\/wp-json\/wp\/v2\/media?parent=502"}],"curies":[{"name":"wp","href":"https:\/\/api.w.org\/{rel}","templated":true}]}}