{"id":486,"date":"2021-04-21T11:20:09","date_gmt":"2021-04-21T09:20:09","guid":{"rendered":"https:\/\/kidscourage.blinkenbox.net\/?page_id=486"},"modified":"2022-04-06T12:51:54","modified_gmt":"2022-04-06T10:51:54","slug":"projekttag-buchen","status":"publish","type":"page","link":"https:\/\/kidscourage.blinkenbox.net\/index.php\/projekttag-buchen\/","title":{"rendered":"Projekttag buchen"},"content":{"rendered":"\n<h1 class=\"wp-block-heading\">Projekttag buchen!<\/h1>\n\n\n\n<figure class=\"wp-block-image size-full\"><img loading=\"lazy\" decoding=\"async\" width=\"1000\" height=\"400\" src=\"https:\/\/kidscourage.blinkenbox.net\/wp-content\/uploads\/2022\/03\/29_03_16_illus11.png\" alt=\"\" class=\"wp-image-948\" srcset=\"https:\/\/kidscourage.blinkenbox.net\/wp-content\/uploads\/2022\/03\/29_03_16_illus11.png 1000w, https:\/\/kidscourage.blinkenbox.net\/wp-content\/uploads\/2022\/03\/29_03_16_illus11-300x120.png 300w, https:\/\/kidscourage.blinkenbox.net\/wp-content\/uploads\/2022\/03\/29_03_16_illus11-768x307.png 768w\" sizes=\"auto, (max-width: 1000px) 100vw, 1000px\" \/><\/figure>\n\n\n\n<p><\/p>\n\n\n\n<p>Du m\u00f6chtest einen Projekttag f\u00fcr Deine Klasse buchen? Dann nutze bitte das untenstehende Kontaktformular.<\/p>\n\n\n\n<p>Wenn Du dich vorher \u00fcber unser Projekttagsangebot informieren m\u00f6chtest, dann schaue gerne nochmal <a href=\"https:\/\/kidscourage.blinkenbox.net\/index.php\/kidscourage-kommt-in-eure-klassen\/\" data-type=\"page\" data-id=\"66\">hier<\/a> vorbei.<\/p>\n\n\n\n<div class=\"wp-block-contact-form-7-contact-form-selector\"><div role=\"form\" class=\"wpcf7\" id=\"wpcf7-f82-o1\" lang=\"de-DE\" dir=\"ltr\">\n<div class=\"screen-reader-response\"><p role=\"status\" aria-live=\"polite\" aria-atomic=\"true\"><\/p> <ul><\/ul><\/div>\n<form action=\"\/index.php\/wp-json\/wp\/v2\/pages\/486#wpcf7-f82-o1\" method=\"post\" class=\"wpcf7-form init\" novalidate=\"novalidate\" data-status=\"init\">\n<div style=\"display: none;\">\n<input type=\"hidden\" name=\"_wpcf7\" value=\"82\" \/>\n<input type=\"hidden\" name=\"_wpcf7_version\" value=\"5.5.6.1\" \/>\n<input type=\"hidden\" name=\"_wpcf7_locale\" value=\"de_DE\" \/>\n<input type=\"hidden\" name=\"_wpcf7_unit_tag\" value=\"wpcf7-f82-o1\" \/>\n<input type=\"hidden\" name=\"_wpcf7_container_post\" value=\"0\" \/>\n<input type=\"hidden\" name=\"_wpcf7_posted_data_hash\" value=\"\" \/>\n<\/div>\n<p><label> Name<br \/>\n    <span class=\"wpcf7-form-control-wrap your-name\"><input type=\"text\" name=\"your-name\" value=\"\" size=\"40\" class=\"wpcf7-form-control wpcf7-text wpcf7-validates-as-required\" aria-required=\"true\" aria-invalid=\"false\" \/><\/span> <\/label><\/p>\n<p><label> Pronomen<br \/>\n    <span class=\"wpcf7-form-control-wrap your-pronoun\"><input type=\"text\" name=\"your-pronoun\" value=\"\" size=\"40\" class=\"wpcf7-form-control wpcf7-text wpcf7-validates-as-required\" aria-required=\"true\" aria-invalid=\"false\" \/><\/span> <\/label><\/p>\n<p><label> E-Mail-Adresse<br \/>\n    <span class=\"wpcf7-form-control-wrap your-email\"><input type=\"text\" name=\"your-email\" value=\"\" size=\"40\" class=\"wpcf7-form-control wpcf7-text wpcf7-validates-as-required\" aria-required=\"true\" aria-invalid=\"false\" \/><\/span> <\/label><\/p>\n<p><label> Name der Schule<br \/>\n    <span class=\"wpcf7-form-control-wrap your-school\"><input type=\"text\" name=\"your-school\" value=\"\" size=\"40\" class=\"wpcf7-form-control wpcf7-text wpcf7-validates-as-required\" aria-required=\"true\" aria-invalid=\"false\" \/><\/span> <\/label><\/p>\n<p><label> Projekttagswunsch: <\/label><br \/>\n<span class=\"wpcf7-form-control-wrap checkbox-projekttag\"><span class=\"wpcf7-form-control wpcf7-checkbox\"><span class=\"wpcf7-list-item first\"><label><input type=\"checkbox\" name=\"checkbox-projekttag[]\" value=\"Projekttag A\" \/><span class=\"wpcf7-list-item-label\">Projekttag A<\/span><\/label><\/span><span class=\"wpcf7-list-item\"><label><input type=\"checkbox\" name=\"checkbox-projekttag[]\" value=\"Projekttag B\" \/><span class=\"wpcf7-list-item-label\">Projekttag B<\/span><\/label><\/span><span class=\"wpcf7-list-item\"><label><input type=\"checkbox\" name=\"checkbox-projekttag[]\" value=\"Projekttag E\" \/><span class=\"wpcf7-list-item-label\">Projekttag E<\/span><\/label><\/span><span class=\"wpcf7-list-item last\"><label><input type=\"checkbox\" name=\"checkbox-projekttag[]\" value=\"Projekttag F\" \/><span class=\"wpcf7-list-item-label\">Projekttag F<\/span><\/label><\/span><\/span><\/span><\/p>\n<p><label> Warum m\u00f6chtest du einen Projekttag mit uns buchen? Was sollten wir \u00fcber die Klasse wissen? Welche Themen sind euch besonders wichtig?<br \/>\n    <span class=\"wpcf7-form-control-wrap your-message\"><textarea name=\"your-message\" cols=\"40\" rows=\"10\" class=\"wpcf7-form-control wpcf7-textarea\" aria-invalid=\"false\"><\/textarea><\/span> <\/label><\/p>\n<p><label> Wie hast du von unserem Projekt erfahren? <\/label><br \/>\n    <span class=\"wpcf7-form-control-wrap checkbox-werbung\"><span class=\"wpcf7-form-control wpcf7-checkbox\"><span class=\"wpcf7-list-item first\"><label><input type=\"checkbox\" name=\"checkbox-werbung[]\" value=\"Flyer\" \/><span class=\"wpcf7-list-item-label\">Flyer<\/span><\/label><\/span><span class=\"wpcf7-list-item\"><label><input type=\"checkbox\" name=\"checkbox-werbung[]\" value=\"Kolleg*innen\" \/><span class=\"wpcf7-list-item-label\">Kolleg*innen<\/span><\/label><\/span><span class=\"wpcf7-list-item\"><label><input type=\"checkbox\" name=\"checkbox-werbung[]\" value=\"Facebook\" \/><span class=\"wpcf7-list-item-label\">Facebook<\/span><\/label><\/span><span class=\"wpcf7-list-item\"><label><input type=\"checkbox\" name=\"checkbox-werbung[]\" value=\"Instagram\" \/><span class=\"wpcf7-list-item-label\">Instagram<\/span><\/label><\/span><span class=\"wpcf7-list-item\"><label><input type=\"checkbox\" name=\"checkbox-werbung[]\" value=\"Website\" \/><span class=\"wpcf7-list-item-label\">Website<\/span><\/label><\/span><span class=\"wpcf7-list-item last\"><label><input type=\"checkbox\" name=\"checkbox-werbung[]\" value=\"Sonstiges\" \/><span class=\"wpcf7-list-item-label\">Sonstiges<\/span><\/label><\/span><\/span><\/span> <\/p>\n<p><input type=\"submit\" value=\"Abschicken!\" class=\"wpcf7-form-control has-spinner wpcf7-submit\" \/><\/p>\n<div class=\"wpcf7-response-output\" aria-hidden=\"true\"><\/div><\/form><\/div><\/div>\n","protected":false},"excerpt":{"rendered":"<p>Projekttag buchen! Du m\u00f6chtest einen Projekttag f\u00fcr Deine Klasse buchen? Dann nutze bitte das untenstehende Kontaktformular. Wenn Du dich vorher \u00fcber unser Projekttagsangebot informieren m\u00f6chtest, dann schaue gerne nochmal hier vorbei.<\/p>\n","protected":false},"author":2,"featured_media":0,"parent":0,"menu_order":0,"comment_status":"closed","ping_status":"closed","template":"","meta":{"footnotes":""},"class_list":["post-486","page","type-page","status-publish","hentry","entry"],"uagb_featured_image_src":{"full":false,"thumbnail":false,"medium":false,"medium_large":false,"large":false,"1536x1536":false,"2048x2048":false,"ocean-thumb-m":false,"ocean-thumb-ml":false,"ocean-thumb-l":false},"uagb_author_info":{"display_name":"courage-admin","author_link":"https:\/\/kidscourage.blinkenbox.net\/index.php\/author\/courage-admin\/"},"uagb_comment_info":0,"uagb_excerpt":"Projekttag buchen! Du m\u00f6chtest einen Projekttag f\u00fcr Deine Klasse buchen? Dann nutze bitte das untenstehende Kontaktformular. Wenn Du dich vorher \u00fcber unser Projekttagsangebot informieren m\u00f6chtest, dann schaue gerne nochmal hier vorbei.","_links":{"self":[{"href":"https:\/\/kidscourage.blinkenbox.net\/index.php\/wp-json\/wp\/v2\/pages\/486","targetHints":{"allow":["GET"]}}],"collection":[{"href":"https:\/\/kidscourage.blinkenbox.net\/index.php\/wp-json\/wp\/v2\/pages"}],"about":[{"href":"https:\/\/kidscourage.blinkenbox.net\/index.php\/wp-json\/wp\/v2\/types\/page"}],"author":[{"embeddable":true,"href":"https:\/\/kidscourage.blinkenbox.net\/index.php\/wp-json\/wp\/v2\/users\/2"}],"replies":[{"embeddable":true,"href":"https:\/\/kidscourage.blinkenbox.net\/index.php\/wp-json\/wp\/v2\/comments?post=486"}],"version-history":[{"count":11,"href":"https:\/\/kidscourage.blinkenbox.net\/index.php\/wp-json\/wp\/v2\/pages\/486\/revisions"}],"predecessor-version":[{"id":1164,"href":"https:\/\/kidscourage.blinkenbox.net\/index.php\/wp-json\/wp\/v2\/pages\/486\/revisions\/1164"}],"wp:attachment":[{"href":"https:\/\/kidscourage.blinkenbox.net\/index.php\/wp-json\/wp\/v2\/media?parent=486"}],"curies":[{"name":"wp","href":"https:\/\/api.w.org\/{rel}","templated":true}]}}