{"id":44,"date":"2021-04-13T16:28:12","date_gmt":"2021-04-13T14:28:12","guid":{"rendered":"https:\/\/kidscourage.blinkenbox.net\/?page_id=44"},"modified":"2022-04-06T15:10:22","modified_gmt":"2022-04-06T13:10:22","slug":"alle-anders-alle-gleich","status":"publish","type":"page","link":"https:\/\/kidscourage.blinkenbox.net\/index.php\/alle-anders-alle-gleich\/","title":{"rendered":"Alle anders &#8211; alle gleich!"},"content":{"rendered":"\n<h1 class=\"wp-block-heading\">Alle anders &#8211; alle gleich!<\/h1>\n\n\n\n<figure class=\"wp-block-image size-full\"><img loading=\"lazy\" decoding=\"async\" width=\"1000\" height=\"400\" src=\"https:\/\/kidscourage.blinkenbox.net\/wp-content\/uploads\/2022\/03\/29_03_16_illus3.png\" alt=\"\" class=\"wp-image-950\" srcset=\"https:\/\/kidscourage.blinkenbox.net\/wp-content\/uploads\/2022\/03\/29_03_16_illus3.png 1000w, https:\/\/kidscourage.blinkenbox.net\/wp-content\/uploads\/2022\/03\/29_03_16_illus3-300x120.png 300w, https:\/\/kidscourage.blinkenbox.net\/wp-content\/uploads\/2022\/03\/29_03_16_illus3-768x307.png 768w\" sizes=\"auto, (max-width: 1000px) 100vw, 1000px\" \/><\/figure>\n\n\n\n<h4 class=\"wp-block-heading\">&#8222;Alle anders &#8211; alle gleich!&#8220; nennen wir bei Kids Courage den Artikel 2 der UN-Kinderrechtskonvention.<\/h4>\n\n\n\n<p><br>Der Artikel 2 regelt das Recht darauf, nicht diskriminiert zu werden. Diskriminierung ist ein ziemlich schwerer Begriff, von dem sehr viele Leute gar nicht so genau wissen, was er bedeutet. <strong>Diskriminierung ist<\/strong>, wenn einzelne Menschen oder eine Gruppe schlechter behandelt wird. Zum Beispiel, weil sie M\u00e4dchen sind, weil sie Schwarz sind, weil sie nicht so viel Geld haben oder weil sie sich in Menschen mit dem gleichen Geschlecht verlieben.<\/p>\n\n\n\n<h4 class=\"wp-block-heading\">Was ist Diskriminierung?<\/h4>\n\n\n\n<p>Wir bei KidsCourage haben gemerkt, dass Diskriminierung nicht zuf\u00e4llig passiert, sondern dass es immer etwas mit der Vergangenheit zu tun hat. Dazu geh\u00f6ren Situationen, die schon passiert sind, lange bevor wir geboren wurden. Es gibt Dinge, die sich Menschen ausgedacht haben, damit manche Menschen mehr Macht haben, entscheidungen \u00fcber andere zu treffen, bestimmen zu d\u00fcrfen und mehr erreichen zu k\u00f6nnen, als andere. Dazu geh\u00f6rt zum Beispiel Reichtum in Form von Geld oder indem Menschen ihre L\u00e4nder vergr\u00f6\u00dfern wollten.<\/p>\n\n\n\n<p>Es ist wichtig, etwas gegen Diskriminierung zu tun, damit alle Menschen die gleichen Chancen im Leben haben. Du kannst gegen Diskriminierung aktiv werden, indem du dich informierst, was das eigentlich ist. Das machen wir auch mit euch in den Projekttagen. Wir \u00fcberlegen mit euch, was Diskriminierung bedeutet und was ihr dagegen tun k\u00f6nnt. Wir \u00fcberlegen aber auch mit euch, wie ihr selbst weniger diskriminieren k\u00f6nnt und wie ihr auch andere Menschen dazu bewegen k\u00f6nnt, weniger zu diskriminieren. Wenn ihr n\u00e4mlich wisst, was Diskriminierung ist, k\u00f6nnt ihr andere darauf hinweisen, wenn sie etwas rassistisches sagen, oder wenn sie andere Kinder auslachen, weil sie weniger Geld haben als sie selbst.<\/p>\n\n\n\n<h4 class=\"wp-block-heading\">Ein Beispiel: Ableismus<\/h4>\n\n\n\n<p>Diskriminierung gibt es aber nicht nur zwischen den Menschen, sondern auch Gesetze oder Einrichtungen wie die Schule k\u00f6nnen diskriminieren. Die meisten Schulen in Deutschland sind zum Beispiel nicht barrierefrei. Das bedeutet, dass Kinder, die Rollst\u00fchle benutzen, nicht frei entscheiden k\u00f6nnen, welche Schule sie besuchen m\u00f6chten. Sie k\u00f6nnen n\u00e4mlich so nicht in das Schulgeb\u00e4ude kommen und sich darin frei bewegen. <\/p>\n\n\n\n<p>Es muss daran gearbeitet werden, dass es in den Schulgeb\u00e4uden nicht nur Treppen gibt, sondern genug Rampen oder auch Fahrst\u00fchle. Ansonsten haben nur Kinder, die laufen k\u00f6nnen oder problemlos Treppen steigen k\u00f6nnen, die M\u00f6glichkeit sich eine Schule auszusuchen, die ihnen gef\u00e4llt oder auf die auch ihre Freund*innen gehen.<\/p>\n\n\n\n<p>Eine Schule umzubauen oder Fahrst\u00fchle einzuf\u00fchren kostet nat\u00fcrlich Geld, aber Deutschland ist eins der reichsten L\u00e4nder der Welt. Dass nicht mehr Geld in den Umbau von Schulen gesteckt wird, zeigt dass es kaum Interesse daran gibt, allen Kindern die gleichen Chancen zu geben!<\/p>\n\n\n\n<p><strong>Diese Art der Diskriminierung wirs Ableismus genannt, die Diskriminierung von Menschen, die behindert werden.<\/strong><\/p>\n\n\n\n<p>Wusstest du schon, dass viele Menschen sagen, dass sie nicht behindert sind sondern behindert <strong>werden<\/strong>, weil das Problem ja nicht an ihren K\u00f6rpern liegt, sondern daran, dass die Welt so aufgebaut wird, dass nur Menschen, die als gesund gelten, problemlos \u00fcberall lang kommen?<\/p>\n\n\n\n<h4 class=\"wp-block-heading\">Du m\u00f6chtest mehr \u00fcber Diskriminierung erfahren?<\/h4>\n\n\n\n<p>Wenn du noch mehr \u00fcber Diskriminierung erfahren m\u00f6chtest, dann guck doch mal bei den <a href=\"https:\/\/kidscourage.blinkenbox.net\/index.php\/infos-fuer-kids\/\">Infos f\u00fcr Kids<\/a> vorbei. Hier haben wir f\u00fcr dich viele Beitr\u00e4ge hochgeladen, so dass du dich weiter informieren kannst.<\/p>\n","protected":false},"excerpt":{"rendered":"<p>Alle anders &#8211; alle gleich! &#8222;Alle anders &#8211; alle gleich!&#8220; nennen wir bei Kids Courage den Artikel 2 der UN-Kinderrechtskonvention. Der Artikel 2 regelt das Recht darauf, nicht diskriminiert zu werden. Diskriminierung ist ein ziemlich schwerer Begriff, von dem sehr viele Leute gar nicht so genau wissen, was er bedeutet. Diskriminierung ist, wenn einzelne Menschen [&hellip;]<\/p>\n","protected":false},"author":2,"featured_media":0,"parent":0,"menu_order":0,"comment_status":"closed","ping_status":"closed","template":"","meta":{"footnotes":""},"class_list":["post-44","page","type-page","status-publish","hentry","entry"],"uagb_featured_image_src":{"full":false,"thumbnail":false,"medium":false,"medium_large":false,"large":false,"1536x1536":false,"2048x2048":false,"ocean-thumb-m":false,"ocean-thumb-ml":false,"ocean-thumb-l":false},"uagb_author_info":{"display_name":"courage-admin","author_link":"https:\/\/kidscourage.blinkenbox.net\/index.php\/author\/courage-admin\/"},"uagb_comment_info":0,"uagb_excerpt":"Alle anders &#8211; alle gleich! &#8222;Alle anders &#8211; alle gleich!&#8220; nennen wir bei Kids Courage den Artikel 2 der UN-Kinderrechtskonvention. Der Artikel 2 regelt das Recht darauf, nicht diskriminiert zu werden. Diskriminierung ist ein ziemlich schwerer Begriff, von dem sehr viele Leute gar nicht so genau wissen, was er bedeutet. Diskriminierung ist, wenn einzelne Menschen&hellip;","_links":{"self":[{"href":"https:\/\/kidscourage.blinkenbox.net\/index.php\/wp-json\/wp\/v2\/pages\/44","targetHints":{"allow":["GET"]}}],"collection":[{"href":"https:\/\/kidscourage.blinkenbox.net\/index.php\/wp-json\/wp\/v2\/pages"}],"about":[{"href":"https:\/\/kidscourage.blinkenbox.net\/index.php\/wp-json\/wp\/v2\/types\/page"}],"author":[{"embeddable":true,"href":"https:\/\/kidscourage.blinkenbox.net\/index.php\/wp-json\/wp\/v2\/users\/2"}],"replies":[{"embeddable":true,"href":"https:\/\/kidscourage.blinkenbox.net\/index.php\/wp-json\/wp\/v2\/comments?post=44"}],"version-history":[{"count":13,"href":"https:\/\/kidscourage.blinkenbox.net\/index.php\/wp-json\/wp\/v2\/pages\/44\/revisions"}],"predecessor-version":[{"id":1021,"href":"https:\/\/kidscourage.blinkenbox.net\/index.php\/wp-json\/wp\/v2\/pages\/44\/revisions\/1021"}],"wp:attachment":[{"href":"https:\/\/kidscourage.blinkenbox.net\/index.php\/wp-json\/wp\/v2\/media?parent=44"}],"curies":[{"name":"wp","href":"https:\/\/api.w.org\/{rel}","templated":true}]}}