{"id":38,"date":"2021-04-13T16:26:47","date_gmt":"2021-04-13T14:26:47","guid":{"rendered":"https:\/\/kidscourage.blinkenbox.net\/?page_id=38"},"modified":"2022-04-06T15:35:55","modified_gmt":"2022-04-06T13:35:55","slug":"was-ist-kidscourage","status":"publish","type":"page","link":"https:\/\/kidscourage.blinkenbox.net\/index.php\/was-ist-kidscourage\/","title":{"rendered":"Was ist KidsCourage?"},"content":{"rendered":"\n<h1 class=\"wp-block-heading\">Was ist KidsCourage?<\/h1>\n\n\n\n<p>\u201eKidsCourage- f\u00fcr Kinderrechte\u201c ist ein Projekt, das in Grundschulen kommt und mit euch \u00fcber eure Kinderrechte und Gleichberechtigung spricht. Diese Projekttage gibt es schon seit 2003 und werden besonders von Jugendlichen und jungen Erwachsenen aus dem Kinder- und Jugendverband \u201eDie Falken\u201c angeboten. Sie sind Jugendliche im Alter von 15-25 Jahren und bieten diese Projekttage in ihrer Freizeit an &#8211; also in eurer Schulzeit. Das gute ist, dass KidsCourage kostenlos ist und sich deshalb jede Schule die Projekttage leisten kann.<\/p>\n\n\n\n<figure class=\"wp-block-image size-full\"><img loading=\"lazy\" decoding=\"async\" width=\"1000\" height=\"400\" src=\"https:\/\/kidscourage.blinkenbox.net\/wp-content\/uploads\/2022\/03\/29_03_16_illus10-1.png\" alt=\"\" class=\"wp-image-956\" srcset=\"https:\/\/kidscourage.blinkenbox.net\/wp-content\/uploads\/2022\/03\/29_03_16_illus10-1.png 1000w, https:\/\/kidscourage.blinkenbox.net\/wp-content\/uploads\/2022\/03\/29_03_16_illus10-1-300x120.png 300w, https:\/\/kidscourage.blinkenbox.net\/wp-content\/uploads\/2022\/03\/29_03_16_illus10-1-768x307.png 768w\" sizes=\"auto, (max-width: 1000px) 100vw, 1000px\" \/><\/figure>\n\n\n\n<h4 class=\"wp-block-heading\">Unsere Projekttage<\/h4>\n\n\n\n<p>KidsCourage ist daf\u00fcr da, euer Selbstbewusstsein zu st\u00e4rken und \u00fcber unsere Unterschiede zu reden und zu schauen was auch gerade an Unterschieden in einer Gruppe cool sein kann.<\/p>\n\n\n\n<p>Unsere Projekttage machen wir ohne die Lehrer*innen und sie sollen auch vor allem Spa\u00df machen. Deshalb lernen wir weniger \u00fcber Unterricht, sondern mehr \u00fcber Spiele, die allen Spa\u00df machen.<\/p>\n\n\n\n<p>Wir gucken dabei auf unser eigenes Verhalten und schauen wo wir selbst noch mit Blicken, Spr\u00fcchen oder auch Witzen, manchmal andere Menschen verletzen, ohne es vielleicht \u00fcberhaupt zu wollen. Wir glauben, dass das auch erstmal jedem passieren kann &#8211; auch Erwachsenen. Wir glauben aber auch, dass es wichtig ist dar\u00fcber zu sprechen und nachzudenken, was wir dagegen tun k\u00f6nnen.<\/p>\n\n\n\n<p>Wir m\u00f6chten zusammen mit euch daran arbeiten, dass das nicht mehr passiert und dadurch so viele Menschen wie m\u00f6glich auf dieser Welt, aber auch bei unseren Projekttagen, sich wohlf\u00fchlen k\u00f6nnen.<\/p>\n","protected":false},"excerpt":{"rendered":"<p>Was ist KidsCourage? \u201eKidsCourage- f\u00fcr Kinderrechte\u201c ist ein Projekt, das in Grundschulen kommt und mit euch \u00fcber eure Kinderrechte und Gleichberechtigung spricht. Diese Projekttage gibt es schon seit 2003 und werden besonders von Jugendlichen und jungen Erwachsenen aus dem Kinder- und Jugendverband \u201eDie Falken\u201c angeboten. Sie sind Jugendliche im Alter von 15-25 Jahren und bieten [&hellip;]<\/p>\n","protected":false},"author":2,"featured_media":0,"parent":0,"menu_order":0,"comment_status":"closed","ping_status":"closed","template":"","meta":{"footnotes":""},"class_list":["post-38","page","type-page","status-publish","hentry","entry"],"uagb_featured_image_src":{"full":false,"thumbnail":false,"medium":false,"medium_large":false,"large":false,"1536x1536":false,"2048x2048":false,"ocean-thumb-m":false,"ocean-thumb-ml":false,"ocean-thumb-l":false},"uagb_author_info":{"display_name":"courage-admin","author_link":"https:\/\/kidscourage.blinkenbox.net\/index.php\/author\/courage-admin\/"},"uagb_comment_info":0,"uagb_excerpt":"Was ist KidsCourage? \u201eKidsCourage- f\u00fcr Kinderrechte\u201c ist ein Projekt, das in Grundschulen kommt und mit euch \u00fcber eure Kinderrechte und Gleichberechtigung spricht. Diese Projekttage gibt es schon seit 2003 und werden besonders von Jugendlichen und jungen Erwachsenen aus dem Kinder- und Jugendverband \u201eDie Falken\u201c angeboten. Sie sind Jugendliche im Alter von 15-25 Jahren und bieten&hellip;","_links":{"self":[{"href":"https:\/\/kidscourage.blinkenbox.net\/index.php\/wp-json\/wp\/v2\/pages\/38","targetHints":{"allow":["GET"]}}],"collection":[{"href":"https:\/\/kidscourage.blinkenbox.net\/index.php\/wp-json\/wp\/v2\/pages"}],"about":[{"href":"https:\/\/kidscourage.blinkenbox.net\/index.php\/wp-json\/wp\/v2\/types\/page"}],"author":[{"embeddable":true,"href":"https:\/\/kidscourage.blinkenbox.net\/index.php\/wp-json\/wp\/v2\/users\/2"}],"replies":[{"embeddable":true,"href":"https:\/\/kidscourage.blinkenbox.net\/index.php\/wp-json\/wp\/v2\/comments?post=38"}],"version-history":[{"count":8,"href":"https:\/\/kidscourage.blinkenbox.net\/index.php\/wp-json\/wp\/v2\/pages\/38\/revisions"}],"predecessor-version":[{"id":1253,"href":"https:\/\/kidscourage.blinkenbox.net\/index.php\/wp-json\/wp\/v2\/pages\/38\/revisions\/1253"}],"wp:attachment":[{"href":"https:\/\/kidscourage.blinkenbox.net\/index.php\/wp-json\/wp\/v2\/media?parent=38"}],"curies":[{"name":"wp","href":"https:\/\/api.w.org\/{rel}","templated":true}]}}