{"id":34,"date":"2021-04-13T15:57:20","date_gmt":"2021-04-13T13:57:20","guid":{"rendered":"https:\/\/kidscourage.blinkenbox.net\/?page_id=34"},"modified":"2022-04-06T14:19:01","modified_gmt":"2022-04-06T12:19:01","slug":"kidscourage-macht-methoden","status":"publish","type":"page","link":"https:\/\/kidscourage.blinkenbox.net\/index.php\/kidscourage-macht-methoden\/","title":{"rendered":"KidsCourage macht Methoden"},"content":{"rendered":"\n<h1 class=\"wp-block-heading\">KidsCourage macht Methoden <\/h1>\n\n\n\n<figure class=\"wp-block-image size-full\"><img loading=\"lazy\" decoding=\"async\" width=\"2000\" height=\"800\" src=\"https:\/\/kidscourage.blinkenbox.net\/wp-content\/uploads\/2022\/04\/22_04_01_illus14.png\" alt=\"\" class=\"wp-image-991\" srcset=\"https:\/\/kidscourage.blinkenbox.net\/wp-content\/uploads\/2022\/04\/22_04_01_illus14.png 2000w, https:\/\/kidscourage.blinkenbox.net\/wp-content\/uploads\/2022\/04\/22_04_01_illus14-300x120.png 300w, https:\/\/kidscourage.blinkenbox.net\/wp-content\/uploads\/2022\/04\/22_04_01_illus14-1024x410.png 1024w, https:\/\/kidscourage.blinkenbox.net\/wp-content\/uploads\/2022\/04\/22_04_01_illus14-768x307.png 768w, https:\/\/kidscourage.blinkenbox.net\/wp-content\/uploads\/2022\/04\/22_04_01_illus14-1536x614.png 1536w\" sizes=\"auto, (max-width: 2000px) 100vw, 2000px\" \/><\/figure>\n\n\n\n<p><\/p>\n\n\n\n<h4 class=\"wp-block-heading\">Was ist KidsCourage macht Methoden?<\/h4>\n\n\n\n<p>Hallo hallo!<\/p>\n\n\n\n<p>KidsCourage macht Methoden (KCMM) ist ein unabh\u00e4ngig finanziertes Teilprojekt von KidsCourage Projektzeitraum Juni-Dezember 2019), dass es sich zum Ziel gemacht hat, neue und alte Methoden sowie unsere p\u00e4dagogischen Erfahrungen durch die Herausgabe eines Methodenhandbuchs f\u00fcr alle \u00f6ffentlich zug\u00e4nglich zu machen.\u00a0<\/p>\n\n\n\n<p>Immer wieder erleben wir n\u00e4mlich ein starkes Interesse und gro\u00dfe Neugierde an unseren Methoden, da es sehr wenig Menschen gibt, die diskriminierungskritische Bildungsarbeit f\u00fcr die Zielgruppe von 5 bis 12 Jahren anbieten. KidsCourage als au\u00dferschulisches Bildungsprojekt in Grundschulen hat es sich zur Aufgabe gemacht, diesen Mangel zu beheben. Oft begegnet uns unser Umfeld und besonders P\u00e4dagog*innen skeptisch, wenn sie erfahren, dass wir mit \u201eso jungen\u201c Kindern \u00fcber Kinderrechte, Vorurteile, Diskriminierung und Zivilcourage sprechen. Es scheint eine gro\u00dfe Verunsicherung zu geben, ob und wie mit der Zielgruppe angemessen dar\u00fcber zu sprechen sei. Doch wer einmal l\u00e4nger mit Kindern und Jugendlichen Zeit verbracht hat, wei\u00df, dass Kinder und Jugendliche ganz genau wissen, wie Diskriminierung funktioniert. Unserer Erfahrung nach ist das Arbeiten mit Kindern und Jugendlichen zu diesen Themen m\u00f6glich und das wollen wir gerne teilen!&nbsp;<\/p>\n\n\n\n<p>Da lag die Idee eines Methodenhandbuchs nahe: Es soll Interessent*innen einen Einblick in unsere Arbeit geben und euch auf eurem Weg begleiten, in der bildungspolitischen Arbeit mit Kindern aktiv zu werden. Wir hoffen, dass dieses Handbuch euch eventuelle Unsicherheiten nimmt und vielmehr dazu ermutigt, euch bildungspolitisch zu engagieren.<\/p>\n\n\n\n<p>Innerhalb eines halben Jahres hat ein Team von 15 Menschen an dem Methodenhandbuch gewerkelt. Gemeinsam haben wir alle unsere Methoden \u00fcberarbeitet, neue Methodenbausteine entwickelt, Texte f\u00fcr dieses Handbuch geschrieben und in Teamsitzungen \u00fcber einzelne Methoden angeregt diskutiert. Wir haben uns in zwei Fortbildungen mit unserer eigenen Positionierung auseinandergesetzt, uns in Bezug auf das Thema Diskriminierung weitergebildet und die Ergebnisse dieser Tage in unsere Methoden\u00fcberarbeitung einflie\u00dfen lassen. Bei unserer Methodenhandbuchschulung, in der das fertige Methodenhandbuch vorgestellt wurde, konnten wir uns mit alten und neuen Teamer*innen das Ergebnis unserer Arbeit anschauen, Methoden ausprobieren und vermitteln. Dadurch gab es M\u00f6glichkeiten der Vernetzung und des Austausches. Danke f\u00fcr diese Zeit und f\u00fcr die tolle Arbeit im Team!&nbsp;<\/p>\n\n\n\n<p>Hier findet ihr nun &#8211; zum Download bereit &#8211; unser Methodenhandbuch!<br>Viel Spa\u00df beim Lesen, Rumst\u00f6bern und Ausprobieren der Methoden.&nbsp;<\/p>\n\n\n\n<p>Euer KidsCourage macht Methoden \u2013 Team&nbsp;<\/p>\n\n\n\n<div class=\"wp-block-columns is-layout-flex wp-container-core-columns-is-layout-9d6595d7 wp-block-columns-is-layout-flex\">\n<div class=\"wp-block-column is-layout-flow wp-block-column-is-layout-flow\" style=\"flex-basis:25%\">\n<div class=\"wp-block-buttons is-layout-flex wp-block-buttons-is-layout-flex\">\n<div class=\"wp-block-button is-style-outline is-style-outline--1\"><a class=\"wp-block-button__link\" href=\"https:\/\/kidscourage.blinkenbox.net\/index.php\/download\/\">zu den Downloads<\/a><\/div>\n<\/div>\n<\/div>\n\n\n\n<div class=\"wp-block-column is-layout-flow wp-block-column-is-layout-flow\" style=\"flex-basis:50%\"><\/div>\n\n\n\n<div class=\"wp-block-column is-layout-flow wp-block-column-is-layout-flow\" style=\"flex-basis:25%\"><\/div>\n<\/div>\n\n\n\n<p><\/p>\n\n\n\n<p>Du kannst auch ein gedrucktes Exemplar per E-Mail bestellen, nutze daf\u00fcr unser <a href=\"https:\/\/kidscourage.blinkenbox.net\/index.php\/impressum-kontakt\/\" data-type=\"page\" data-id=\"36\">Kontaktformular<\/a>.<\/p>\n\n\n\n<h4 class=\"wp-block-heading\">Mittelgeber*innen:<\/h4>\n\n\n\n<div class=\"wp-block-columns is-layout-flex wp-container-core-columns-is-layout-9d6595d7 wp-block-columns-is-layout-flex\">\n<div class=\"wp-block-column is-layout-flow wp-block-column-is-layout-flow\" style=\"flex-basis:25%\">\n<figure class=\"wp-block-image size-large\"><img decoding=\"async\" src=\"https:\/\/kidscourage.blinkenbox.net\/wp-content\/uploads\/2021\/04\/StarkGemacht_JDFB-Logo_CMYK-1024x1024.jpg\" alt=\"\" class=\"wp-image-372\"\/><\/figure>\n<\/div>\n\n\n\n<div class=\"wp-block-column is-layout-flow wp-block-column-is-layout-flow\" style=\"flex-basis:25%\"><\/div>\n\n\n\n<div class=\"wp-block-column is-layout-flow wp-block-column-is-layout-flow\" style=\"flex-basis:25%\"><\/div>\n<\/div>\n\n\n\n<p><\/p>\n","protected":false},"excerpt":{"rendered":"<p>KidsCourage macht Methoden Was ist KidsCourage macht Methoden? Hallo hallo! KidsCourage macht Methoden (KCMM) ist ein unabh\u00e4ngig finanziertes Teilprojekt von KidsCourage Projektzeitraum Juni-Dezember 2019), dass es sich zum Ziel gemacht hat, neue und alte Methoden sowie unsere p\u00e4dagogischen Erfahrungen durch die Herausgabe eines Methodenhandbuchs f\u00fcr alle \u00f6ffentlich zug\u00e4nglich zu machen.\u00a0 Immer wieder erleben wir n\u00e4mlich [&hellip;]<\/p>\n","protected":false},"author":2,"featured_media":0,"parent":0,"menu_order":0,"comment_status":"closed","ping_status":"closed","template":"","meta":{"footnotes":""},"class_list":["post-34","page","type-page","status-publish","hentry","entry"],"uagb_featured_image_src":{"full":false,"thumbnail":false,"medium":false,"medium_large":false,"large":false,"1536x1536":false,"2048x2048":false,"ocean-thumb-m":false,"ocean-thumb-ml":false,"ocean-thumb-l":false},"uagb_author_info":{"display_name":"courage-admin","author_link":"https:\/\/kidscourage.blinkenbox.net\/index.php\/author\/courage-admin\/"},"uagb_comment_info":0,"uagb_excerpt":"KidsCourage macht Methoden Was ist KidsCourage macht Methoden? Hallo hallo! KidsCourage macht Methoden (KCMM) ist ein unabh\u00e4ngig finanziertes Teilprojekt von KidsCourage Projektzeitraum Juni-Dezember 2019), dass es sich zum Ziel gemacht hat, neue und alte Methoden sowie unsere p\u00e4dagogischen Erfahrungen durch die Herausgabe eines Methodenhandbuchs f\u00fcr alle \u00f6ffentlich zug\u00e4nglich zu machen.\u00a0 Immer wieder erleben wir n\u00e4mlich&hellip;","_links":{"self":[{"href":"https:\/\/kidscourage.blinkenbox.net\/index.php\/wp-json\/wp\/v2\/pages\/34","targetHints":{"allow":["GET"]}}],"collection":[{"href":"https:\/\/kidscourage.blinkenbox.net\/index.php\/wp-json\/wp\/v2\/pages"}],"about":[{"href":"https:\/\/kidscourage.blinkenbox.net\/index.php\/wp-json\/wp\/v2\/types\/page"}],"author":[{"embeddable":true,"href":"https:\/\/kidscourage.blinkenbox.net\/index.php\/wp-json\/wp\/v2\/users\/2"}],"replies":[{"embeddable":true,"href":"https:\/\/kidscourage.blinkenbox.net\/index.php\/wp-json\/wp\/v2\/comments?post=34"}],"version-history":[{"count":20,"href":"https:\/\/kidscourage.blinkenbox.net\/index.php\/wp-json\/wp\/v2\/pages\/34\/revisions"}],"predecessor-version":[{"id":1208,"href":"https:\/\/kidscourage.blinkenbox.net\/index.php\/wp-json\/wp\/v2\/pages\/34\/revisions\/1208"}],"wp:attachment":[{"href":"https:\/\/kidscourage.blinkenbox.net\/index.php\/wp-json\/wp\/v2\/media?parent=34"}],"curies":[{"name":"wp","href":"https:\/\/api.w.org\/{rel}","templated":true}]}}