{"id":32,"date":"2021-04-13T15:56:13","date_gmt":"2021-04-13T13:56:13","guid":{"rendered":"https:\/\/kidscourage.blinkenbox.net\/?page_id=32"},"modified":"2022-04-06T15:43:21","modified_gmt":"2022-04-06T13:43:21","slug":"kidscourage-fuer-teamerinnen","status":"publish","type":"page","link":"https:\/\/kidscourage.blinkenbox.net\/index.php\/kidscourage-fuer-teamerinnen\/","title":{"rendered":"f\u00fcr Teamer*innen"},"content":{"rendered":"\n<h1 class=\"wp-block-heading\">KidsCourage f\u00fcr Teamer*innen<\/h1>\n\n\n\n<p>Willkommen auf unserer Webseite f\u00fcr Teamer*innen! Damit sind junge Menschen gemeint, die schon in unserem tollen Projekt aktiv sind und diejenigen, die es noch werden m\u00f6chten.<\/p>\n\n\n\n<p>Hier findet ihr Informationen zu anstehenden Terminen im Projekt und wichtigen Informationen, die f\u00fcr euch als angehende oder bestehende Teamer*innen wichtig sein k\u00f6nnten.<\/p>\n\n\n\n<p>Au\u00dferdem bekommt ihr hier die M\u00f6glichkeit, Erfahrungsberichte von Teamer*innen zu lesen, die schon im Projekt aktiv sind. Auch findet ihr Informationen zu unserem Tr\u00e4gerverband die Falken LV Berlin und ihrem Teampool und die M\u00f6glichkeit, auch in anderen Projekten und Angeboten der Falken LV Berlin aktiv zu werden.<\/p>\n\n\n\n<figure class=\"wp-block-image size-full\"><img loading=\"lazy\" decoding=\"async\" width=\"1000\" height=\"400\" src=\"https:\/\/kidscourage.blinkenbox.net\/wp-content\/uploads\/2022\/03\/29_03_16_illus11.png\" alt=\"\" class=\"wp-image-948\" srcset=\"https:\/\/kidscourage.blinkenbox.net\/wp-content\/uploads\/2022\/03\/29_03_16_illus11.png 1000w, https:\/\/kidscourage.blinkenbox.net\/wp-content\/uploads\/2022\/03\/29_03_16_illus11-300x120.png 300w, https:\/\/kidscourage.blinkenbox.net\/wp-content\/uploads\/2022\/03\/29_03_16_illus11-768x307.png 768w\" sizes=\"auto, (max-width: 1000px) 100vw, 1000px\" \/><\/figure>\n\n\n\n<figure class=\"wp-block-image size-large\"><img loading=\"lazy\" decoding=\"async\" width=\"1024\" height=\"14\" src=\"https:\/\/kidscourage.blinkenbox.net\/wp-content\/uploads\/2021\/05\/divider_tabelle_2-1024x14.png\" alt=\"\" class=\"wp-image-635\" srcset=\"https:\/\/kidscourage.blinkenbox.net\/wp-content\/uploads\/2021\/05\/divider_tabelle_2-1024x14.png 1024w, https:\/\/kidscourage.blinkenbox.net\/wp-content\/uploads\/2021\/05\/divider_tabelle_2-300x4.png 300w, https:\/\/kidscourage.blinkenbox.net\/wp-content\/uploads\/2021\/05\/divider_tabelle_2-768x10.png 768w, https:\/\/kidscourage.blinkenbox.net\/wp-content\/uploads\/2021\/05\/divider_tabelle_2-1536x20.png 1536w, https:\/\/kidscourage.blinkenbox.net\/wp-content\/uploads\/2021\/05\/divider_tabelle_2-2048x27.png 2048w\" sizes=\"auto, (max-width: 1024px) 100vw, 1024px\" \/><\/figure>\n\n\n\n<h4 class=\"wp-block-heading\">Termine<\/h4>\n\n\n\n<p>Du hast Lust als Teamer*in bei KidsCourage aktiv zu werden, oder bist schon aktiv dabei? M\u00f6chtest du einen \u00dcberblick \u00fcber unsere anstehende Termine behalten? Dann schaue die unsere Blogposts mit den neusten Terminen &amp; Neuigkeiten im Projekt an!<a href=\"https:\/\/kidscourage.blinkenbox.net\/index.php\/2022\/03\/16\/information-falken-berlin\/\"><\/a><\/p>\n\n\n\n\t\t\t<div class=\"uagb-post-grid  uagb-post__image-position-top uagb-block-6ffa4a95   \" data-total=\"2\">\n\n\t\t\t\t<div class=\"uagb-post__items uagb-post__columns-3 is-masonry uagb-post__columns-tablet-2 uagb-post__columns-mobile-1\">\n\n\t\t\t\t\t\t\t\t<article >\n\t\t\t\t\t\t\t\t\t\t<div class=\"uagb-post__inner-wrap\">\n\t\t\t\t\t\t\t\t\t\t\t\t\t\t\t<div class='uagb-post__image'>\n\t\t\t\t<a href=\"https:\/\/kidscourage.blinkenbox.net\/index.php\/2022\/03\/16\/information-falken-berlin\/\" target=\"_self\" rel=\"bookmark noopener noreferrer\"><img loading=\"lazy\" decoding=\"async\" width=\"1000\" height=\"400\" src=\"https:\/\/kidscourage.blinkenbox.net\/wp-content\/uploads\/2022\/02\/22_13_16_post_header12.png\" class=\"attachment-large size-large\" alt=\"\" srcset=\"https:\/\/kidscourage.blinkenbox.net\/wp-content\/uploads\/2022\/02\/22_13_16_post_header12.png 1000w, https:\/\/kidscourage.blinkenbox.net\/wp-content\/uploads\/2022\/02\/22_13_16_post_header12-300x120.png 300w, https:\/\/kidscourage.blinkenbox.net\/wp-content\/uploads\/2022\/02\/22_13_16_post_header12-768x307.png 768w\" sizes=\"auto, (max-width: 1000px) 100vw, 1000px\" \/>\t\t\t\t<\/a>\n\t\t\t<\/div>\n\t\t\t\t\t\t<div class='uagb-post__text'> \n\t\t\t\t<h6 class=\"uagb-post__title\">\n\t\t\t\t\t<a href=\"https:\/\/kidscourage.blinkenbox.net\/index.php\/2022\/03\/16\/information-falken-berlin\/\" target=\"_self\" rel=\"bookmark noopener noreferrer\">Information: Falken Berlin<\/a>\n\t\t\t\t<\/h6>\n\t\t\t<\/div>\n\t\t\t\t\t\t<div class='uagb-post__text'> \n\t\t\t<div class=\"uagb-post-grid-byline\">\n\t\t\t\t\t\t\t<\/div>\n\t\t\t<\/div>\n\t\t\t\t\t\t\t<div class='uagb-post__text'> \n\t\t\t\t\t<div class=\"uagb-post__excerpt\">\n\t\t\t\t\t\tDie Falken Berlin\n\n\n\nWir Falken sind ein Kinder- und Jugendverband, der sich f\u00fcr die Interessen &amp; Rechte von Kindern und Jugendlichen einsetzt.\n\n\n\nWir sind ein selbstorganisierter Kinder- \u2026\t\t\t\t\t<\/div>\n\t\t\t<\/div>\n\t\t\t\t\t\t<div class='uagb-post__text'> \n\t\t\t\t<div class=\"uagb-post__cta wp-block-button\">\n\t\t\t\t\t<a class=\"wp-block-button__link uagb-text-link\" href=\"https:\/\/kidscourage.blinkenbox.net\/index.php\/2022\/03\/16\/information-falken-berlin\/\" target=\"_self\" rel=\"bookmark noopener noreferrer\">Weiterlesen<\/a>\n\t\t\t\t<\/div>\n\t\t\t<\/div>\n\t\t\t\t\t\t\t\t<\/div>\n\t\t\t\t\t\t\t\t\t<\/article>\n\t\t\t\t\t\t\t\t<article >\n\t\t\t\t\t\t\t\t\t\t<div class=\"uagb-post__inner-wrap\">\n\t\t\t\t\t\t\t\t\t\t\t\t\t\t\t<div class='uagb-post__image'>\n\t\t\t\t<a href=\"https:\/\/kidscourage.blinkenbox.net\/index.php\/2022\/02\/25\/news-alternatives-projekttagsangebot-in-der-corona-pandemie\/\" target=\"_self\" rel=\"bookmark noopener noreferrer\"><img loading=\"lazy\" decoding=\"async\" width=\"1000\" height=\"400\" src=\"https:\/\/kidscourage.blinkenbox.net\/wp-content\/uploads\/2022\/02\/22_13_16_post_header10.png\" class=\"attachment-large size-large\" alt=\"\" srcset=\"https:\/\/kidscourage.blinkenbox.net\/wp-content\/uploads\/2022\/02\/22_13_16_post_header10.png 1000w, https:\/\/kidscourage.blinkenbox.net\/wp-content\/uploads\/2022\/02\/22_13_16_post_header10-300x120.png 300w, https:\/\/kidscourage.blinkenbox.net\/wp-content\/uploads\/2022\/02\/22_13_16_post_header10-768x307.png 768w\" sizes=\"auto, (max-width: 1000px) 100vw, 1000px\" \/>\t\t\t\t<\/a>\n\t\t\t<\/div>\n\t\t\t\t\t\t<div class='uagb-post__text'> \n\t\t\t\t<h6 class=\"uagb-post__title\">\n\t\t\t\t\t<a href=\"https:\/\/kidscourage.blinkenbox.net\/index.php\/2022\/02\/25\/news-alternatives-projekttagsangebot-in-der-corona-pandemie\/\" target=\"_self\" rel=\"bookmark noopener noreferrer\">News: alternatives Projekttagsangebot in der Corona-Pandemie<\/a>\n\t\t\t\t<\/h6>\n\t\t\t<\/div>\n\t\t\t\t\t\t<div class='uagb-post__text'> \n\t\t\t<div class=\"uagb-post-grid-byline\">\n\t\t\t\t\t\t\t<\/div>\n\t\t\t<\/div>\n\t\t\t\t\t\t\t<div class='uagb-post__text'> \n\t\t\t\t\t<div class=\"uagb-post__excerpt\">\n\t\t\t\t\t\tUNSER ALTERNATIVES PROJEKTTAGSANGEBOT IN DER CORONA-PANDEMIE\n\n\n\nAufgrund der derzeitigen Corona-Pandemie und der aktuell unsicheren Lage an den Berliner Grundschulen mit Blick auf bestehende sowie m\u00f6glicherweise noch \u2026\t\t\t\t\t<\/div>\n\t\t\t<\/div>\n\t\t\t\t\t\t<div class='uagb-post__text'> \n\t\t\t\t<div class=\"uagb-post__cta wp-block-button\">\n\t\t\t\t\t<a class=\"wp-block-button__link uagb-text-link\" href=\"https:\/\/kidscourage.blinkenbox.net\/index.php\/2022\/02\/25\/news-alternatives-projekttagsangebot-in-der-corona-pandemie\/\" target=\"_self\" rel=\"bookmark noopener noreferrer\">Weiterlesen<\/a>\n\t\t\t\t<\/div>\n\t\t\t<\/div>\n\t\t\t\t\t\t\t\t<\/div>\n\t\t\t\t\t\t\t\t\t<\/article>\n\t\t\t\t\t\t\t\t<article >\n\t\t\t\t\t\t\t\t\t\t<div class=\"uagb-post__inner-wrap\">\n\t\t\t\t\t\t\t\t\t\t\t\t\t\t\t<div class='uagb-post__image'>\n\t\t\t\t<a href=\"https:\/\/kidscourage.blinkenbox.net\/index.php\/2022\/02\/25\/termin-teamtreffen\/\" target=\"_self\" rel=\"bookmark noopener noreferrer\"><img loading=\"lazy\" decoding=\"async\" width=\"1000\" height=\"400\" src=\"https:\/\/kidscourage.blinkenbox.net\/wp-content\/uploads\/2022\/02\/22_13_16_post_header7.png\" class=\"attachment-large size-large\" alt=\"\" srcset=\"https:\/\/kidscourage.blinkenbox.net\/wp-content\/uploads\/2022\/02\/22_13_16_post_header7.png 1000w, https:\/\/kidscourage.blinkenbox.net\/wp-content\/uploads\/2022\/02\/22_13_16_post_header7-300x120.png 300w, https:\/\/kidscourage.blinkenbox.net\/wp-content\/uploads\/2022\/02\/22_13_16_post_header7-768x307.png 768w\" sizes=\"auto, (max-width: 1000px) 100vw, 1000px\" \/>\t\t\t\t<\/a>\n\t\t\t<\/div>\n\t\t\t\t\t\t<div class='uagb-post__text'> \n\t\t\t\t<h6 class=\"uagb-post__title\">\n\t\t\t\t\t<a href=\"https:\/\/kidscourage.blinkenbox.net\/index.php\/2022\/02\/25\/termin-teamtreffen\/\" target=\"_self\" rel=\"bookmark noopener noreferrer\">Termin: Teamtreffen<\/a>\n\t\t\t\t<\/h6>\n\t\t\t<\/div>\n\t\t\t\t\t\t<div class='uagb-post__text'> \n\t\t\t<div class=\"uagb-post-grid-byline\">\n\t\t\t\t\t\t\t<\/div>\n\t\t\t<\/div>\n\t\t\t\t\t\t\t<div class='uagb-post__text'> \n\t\t\t\t\t<div class=\"uagb-post__excerpt\">\n\t\t\t\t\t\tTeampooltreffen am 6. M\u00e4rz\n\n\n\n&#8211; Schwerpunkt: Sommercamp-P\u00e4dagogik &#8211;\n\n\n\nAm 6.3. um 17:30 Uhr findet in der Villa Freundschaft unser n\u00e4chstes Teampooltreffen statt!\n\n\n\nEs wird einen Input zu p\u00e4dagogischen \u2026\t\t\t\t\t<\/div>\n\t\t\t<\/div>\n\t\t\t\t\t\t<div class='uagb-post__text'> \n\t\t\t\t<div class=\"uagb-post__cta wp-block-button\">\n\t\t\t\t\t<a class=\"wp-block-button__link uagb-text-link\" href=\"https:\/\/kidscourage.blinkenbox.net\/index.php\/2022\/02\/25\/termin-teamtreffen\/\" target=\"_self\" rel=\"bookmark noopener noreferrer\">Weiterlesen<\/a>\n\t\t\t\t<\/div>\n\t\t\t<\/div>\n\t\t\t\t\t\t\t\t<\/div>\n\t\t\t\t\t\t\t\t\t<\/article>\n\t\t\t\t\t\t\t\t<\/div>\n\t\t\t\t\t\t\t<\/div>\n\t\t\t\n\n\n<div class=\"wp-block-buttons is-layout-flex wp-block-buttons-is-layout-flex\">\n<div class=\"wp-block-button is-style-outline is-style-outline--1\"><a class=\"wp-block-button__link\" href=\"https:\/\/kidscourage.blinkenbox.net\/index.php\/termine-neuigkeiten\/\">zu allen Terminen und News<\/a><\/div>\n<\/div>\n\n\n\n<p><\/p>\n","protected":false},"excerpt":{"rendered":"<p>KidsCourage f\u00fcr Teamer*innen Willkommen auf unserer Webseite f\u00fcr Teamer*innen! Damit sind junge Menschen gemeint, die schon in unserem tollen Projekt aktiv sind und diejenigen, die es noch werden m\u00f6chten. Hier findet ihr Informationen zu anstehenden Terminen im Projekt und wichtigen Informationen, die f\u00fcr euch als angehende oder bestehende Teamer*innen wichtig sein k\u00f6nnten. Au\u00dferdem bekommt ihr [&hellip;]<\/p>\n","protected":false},"author":2,"featured_media":0,"parent":0,"menu_order":0,"comment_status":"closed","ping_status":"closed","template":"","meta":{"footnotes":""},"class_list":["post-32","page","type-page","status-publish","hentry","entry"],"uagb_featured_image_src":{"full":false,"thumbnail":false,"medium":false,"medium_large":false,"large":false,"1536x1536":false,"2048x2048":false,"ocean-thumb-m":false,"ocean-thumb-ml":false,"ocean-thumb-l":false},"uagb_author_info":{"display_name":"courage-admin","author_link":"https:\/\/kidscourage.blinkenbox.net\/index.php\/author\/courage-admin\/"},"uagb_comment_info":0,"uagb_excerpt":"KidsCourage f\u00fcr Teamer*innen Willkommen auf unserer Webseite f\u00fcr Teamer*innen! Damit sind junge Menschen gemeint, die schon in unserem tollen Projekt aktiv sind und diejenigen, die es noch werden m\u00f6chten. Hier findet ihr Informationen zu anstehenden Terminen im Projekt und wichtigen Informationen, die f\u00fcr euch als angehende oder bestehende Teamer*innen wichtig sein k\u00f6nnten. Au\u00dferdem bekommt ihr&hellip;","_links":{"self":[{"href":"https:\/\/kidscourage.blinkenbox.net\/index.php\/wp-json\/wp\/v2\/pages\/32","targetHints":{"allow":["GET"]}}],"collection":[{"href":"https:\/\/kidscourage.blinkenbox.net\/index.php\/wp-json\/wp\/v2\/pages"}],"about":[{"href":"https:\/\/kidscourage.blinkenbox.net\/index.php\/wp-json\/wp\/v2\/types\/page"}],"author":[{"embeddable":true,"href":"https:\/\/kidscourage.blinkenbox.net\/index.php\/wp-json\/wp\/v2\/users\/2"}],"replies":[{"embeddable":true,"href":"https:\/\/kidscourage.blinkenbox.net\/index.php\/wp-json\/wp\/v2\/comments?post=32"}],"version-history":[{"count":17,"href":"https:\/\/kidscourage.blinkenbox.net\/index.php\/wp-json\/wp\/v2\/pages\/32\/revisions"}],"predecessor-version":[{"id":1259,"href":"https:\/\/kidscourage.blinkenbox.net\/index.php\/wp-json\/wp\/v2\/pages\/32\/revisions\/1259"}],"wp:attachment":[{"href":"https:\/\/kidscourage.blinkenbox.net\/index.php\/wp-json\/wp\/v2\/media?parent=32"}],"curies":[{"name":"wp","href":"https:\/\/api.w.org\/{rel}","templated":true}]}}