{"id":188,"date":"2021-04-13T18:12:10","date_gmt":"2021-04-13T16:12:10","guid":{"rendered":"https:\/\/kidscourage.blinkenbox.net\/?page_id=188"},"modified":"2022-04-04T15:38:30","modified_gmt":"2022-04-04T13:38:30","slug":"ueber-kidscourage","status":"publish","type":"page","link":"https:\/\/kidscourage.blinkenbox.net\/index.php\/ueber-kidscourage\/","title":{"rendered":"\u00dcber KidsCourage"},"content":{"rendered":"\n<h1 class=\"wp-block-heading\">KidsCourage ist &#8230; <\/h1>\n\n\n\n<ul class=\"wp-block-list\"><li>ein&nbsp;kostenloses Angebot der au\u00dferschulischen Jugendbildung im Netzwerk f\u00fcr Demokratie und Courage.<\/li><li>KidsCourage setzt sich f\u00fcr die <strong>Bekanntmachung und Umsetzung der Kinderrechte<\/strong> ein. Als Grundlegend f\u00fcr die Umsetzung der Kinderrechte erachten wir das <strong>Recht auf die Gleichbehandlung aller Kinder<\/strong>. Unser Ziel ist es verschiedene Formen von Diskriminierung, deren Funktion und deren Konsequenzen schon in der Grundschule zu benennen, um ihre Abschaffung zu erreichen.<\/li><li>KidsCourage lebt vom ehrenamtlichen Engagement der Mitglieder und Teamer*innen der <strong>Sozialistischen Jugend \u2013 Die Falken Berlin<\/strong>. <\/li><\/ul>\n\n\n\n<figure class=\"wp-block-image size-full\"><img loading=\"lazy\" decoding=\"async\" width=\"1000\" height=\"400\" src=\"https:\/\/kidscourage.blinkenbox.net\/wp-content\/uploads\/2022\/03\/29_03_16_illus10-1.png\" alt=\"\" class=\"wp-image-956\" srcset=\"https:\/\/kidscourage.blinkenbox.net\/wp-content\/uploads\/2022\/03\/29_03_16_illus10-1.png 1000w, https:\/\/kidscourage.blinkenbox.net\/wp-content\/uploads\/2022\/03\/29_03_16_illus10-1-300x120.png 300w, https:\/\/kidscourage.blinkenbox.net\/wp-content\/uploads\/2022\/03\/29_03_16_illus10-1-768x307.png 768w\" sizes=\"auto, (max-width: 1000px) 100vw, 1000px\" \/><\/figure>\n\n\n\n<p><\/p>\n\n\n\n<h4 class=\"wp-block-heading\">Wer sind wir?<\/h4>\n\n\n\n<p>Das au\u00dferschulische Bildungsprojekt \u201eKidsCourage- f\u00fcr Kinderrechte\u201c gibt es schon seit 2003 und ist aus dem ehrenamtlichen Engagement von Jugendlichen &amp; jungen Erwachsenen entstanden, die sich im Kinder- und Jugendverband der SJ &#8211; Die Falken LV Berlin politisch engagieren. Das Team besteht derzeit aus ca. 20 Jugendlichen &amp; jungen Erwachsenen im Alter zwischen 15-25 Jahren, die als Teamer*innen auf Grundlage der UN-Kinderrechtskonvention kostenlose Projekttage f\u00fcr Berliner Grundschulen anbieten. <\/p>\n\n\n\n<p>Die SJ &#8211; Die Falken LV Berlin sind ein demokratischer, parteiunabh\u00e4ngiger Kinder \u2013 und Jugendverband, der sich aktiv f\u00fcr die Rechte der Kinder einsetzt und Kinder und Jugendliche mit Seminaren, Gruppentreffen, Kinderfreizeiten, Sommercamps, Gedenkst\u00e4ttenfahrten und internationalen Begegnungen f\u00fcr Respekt, Toleranz, Akzeptanz und Antidiskriminierung stark macht. Bei den Falken Berlin ist uns ein macht- und diskriminierungskritischer Ansatz der Wissensvermittlung sehr wichtig, weshalb wir uns regelm\u00e4\u00dfig zu entsprechenden Themen fort- und weiterbilden. Au\u00dferdem verfolgen wir in unserer Kinder- und Jugendverbandsarbeit Peer-basierte Formate, weshalb junge Teamer*innen von erfahreneren Teamer*innen lernen und von ihrer Expertise profitieren. Diesen Ansatz verfolgen wir auch im Projekt KidsCourage.<\/p>\n\n\n\n<h4 class=\"wp-block-heading\">Unsere p\u00e4dagogische Haltung &#8211; vorurteilsbewusst &amp; diskriminierungskritisch<\/h4>\n\n\n\n<p>Wir verstehen unser Projekttagsangebot als einen Beitrag <strong>intersektionaler Bildungsarbeit <\/strong>und m\u00f6chten in unserer Methodik &amp; Herangehensweise daher die unterschiedlichen sozialen, \u00f6konomischen und kulturellen Hintergr\u00fcnde der teilnehmenden Grundsch\u00fcler*innen mitdenken. Diese sind von Diskriminierungen betroffen und\/oder handeln selbst vorurteilsbehaftet und diskriminierend, sie haben verschiedene k\u00f6rperliche und geistige F\u00e4higkeiten, sie sind in Familien mit Migrantisierungserfahrung gro\u00df geworden oder ihre Familien leben schon seit Generationen in Deutschland, sie geh\u00f6ren verschiedenen Peergroups und Religionen an und haben unterschiedliche M\u00f6glichkeiten, ihre Zukunft zu gestalten. <\/p>\n\n\n\n<p>KidsCourage richtet sich an ebendiese diversen Klassenverb\u00e4nde, die in beinahe allen Berliner Grund- und Gemeinschaftsschulen Realit\u00e4t sind und tritt f\u00fcr einen verantwortungsvollen, vorurteilsbewussten Umgang miteinander ein. Dabei begegnet KidsCourage dieser Herausforderung von vielz\u00e4hligen Diskriminierungsformen im Grundschulbereich multiperspektivisch: Auf der einen Seite best\u00e4rkt das Projekt marginalisierte Kinder in ihrem Selbstwert und ihrer Selbstachtung. Auf der anderen Seite sensibilisiert das Projekt f\u00fcr eigenes vorurteilsbehaftetes sowie diskriminierendes Denken und Handeln und best\u00e4rkt schon Grundsch\u00fcler*innen darin, Menschen unabh\u00e4ngig von Herkunft, Aussehen, Sprache, finanzieller Situation, Familie, Geschlecht, Liebe, Glauben oder k\u00f6rperlichen F\u00e4higkeiten respektvoll zu begegnen.<\/p>\n\n\n\n<p>In unserer p\u00e4dagogischen Arbeit versuchen wir deshalb unsere Projekttage &amp; Methoden st\u00e4ndig zu \u00fcberpr\u00fcfen  und weiterzuentwickeln. Wir gestalten sie so, dass so viele Kinder wie m\u00f6glich und mit den unterschiedlichsten Lebensrealit\u00e4ten an unseren Angeboten teilnehmen k\u00f6nnen, ohne dass negative Diskriminierungserfahrungen f\u00fcr sie wiederholt werden. Wir nutzen daf\u00fcr Ans\u00e4tze der vorurteilsbewussten Bildung &amp; Erziehung und verfolgen macht- und diskriminierungskritische Ans\u00e4tze der au\u00dferschulischen politischen Bildungsarbeit und passen diese entsprechend unserer praktischen Erfahrungen an die Bed\u00fcrfnisse von jungen Kindern im Grundschulalter an. KidsCourage ist damit eine der wenigen Bildungsakteur*innen, die macht- und diskriminierungskritische Bildungsarbeit mit der Zielgruppe anbietet und \u00fcber langj\u00e4hige Expertise in diesem Bereich verf\u00fcgt.<\/p>\n\n\n\n<p>Einen Enblick in das Konzept und in die Methodik unseres Projekts bekommst du in unserem <strong>Methodenhandbuch<\/strong> &#8222;KidsCourage &#8211; Politische Bildungsarbeit mit Kindern ab 5 Jahren &#8211; Methodenhandbuch und p\u00e4dagogische Haltung&#8220;, das du <a href=\"https:\/\/kidscourage.blinkenbox.net\/index.php\/download\/\" data-type=\"page\" data-id=\"80\">hier<\/a> downloaden kannst.<\/p>\n","protected":false},"excerpt":{"rendered":"<p>KidsCourage ist &#8230; ein&nbsp;kostenloses Angebot der au\u00dferschulischen Jugendbildung im Netzwerk f\u00fcr Demokratie und Courage. KidsCourage setzt sich f\u00fcr die Bekanntmachung und Umsetzung der Kinderrechte ein. Als Grundlegend f\u00fcr die Umsetzung der Kinderrechte erachten wir das Recht auf die Gleichbehandlung aller Kinder. Unser Ziel ist es verschiedene Formen von Diskriminierung, deren Funktion und deren Konsequenzen schon [&hellip;]<\/p>\n","protected":false},"author":2,"featured_media":0,"parent":0,"menu_order":0,"comment_status":"closed","ping_status":"closed","template":"","meta":{"footnotes":""},"class_list":["post-188","page","type-page","status-publish","hentry","entry"],"uagb_featured_image_src":{"full":false,"thumbnail":false,"medium":false,"medium_large":false,"large":false,"1536x1536":false,"2048x2048":false,"ocean-thumb-m":false,"ocean-thumb-ml":false,"ocean-thumb-l":false},"uagb_author_info":{"display_name":"courage-admin","author_link":"https:\/\/kidscourage.blinkenbox.net\/index.php\/author\/courage-admin\/"},"uagb_comment_info":0,"uagb_excerpt":"KidsCourage ist &#8230; ein&nbsp;kostenloses Angebot der au\u00dferschulischen Jugendbildung im Netzwerk f\u00fcr Demokratie und Courage. KidsCourage setzt sich f\u00fcr die Bekanntmachung und Umsetzung der Kinderrechte ein. Als Grundlegend f\u00fcr die Umsetzung der Kinderrechte erachten wir das Recht auf die Gleichbehandlung aller Kinder. Unser Ziel ist es verschiedene Formen von Diskriminierung, deren Funktion und deren Konsequenzen schon&hellip;","_links":{"self":[{"href":"https:\/\/kidscourage.blinkenbox.net\/index.php\/wp-json\/wp\/v2\/pages\/188","targetHints":{"allow":["GET"]}}],"collection":[{"href":"https:\/\/kidscourage.blinkenbox.net\/index.php\/wp-json\/wp\/v2\/pages"}],"about":[{"href":"https:\/\/kidscourage.blinkenbox.net\/index.php\/wp-json\/wp\/v2\/types\/page"}],"author":[{"embeddable":true,"href":"https:\/\/kidscourage.blinkenbox.net\/index.php\/wp-json\/wp\/v2\/users\/2"}],"replies":[{"embeddable":true,"href":"https:\/\/kidscourage.blinkenbox.net\/index.php\/wp-json\/wp\/v2\/comments?post=188"}],"version-history":[{"count":13,"href":"https:\/\/kidscourage.blinkenbox.net\/index.php\/wp-json\/wp\/v2\/pages\/188\/revisions"}],"predecessor-version":[{"id":1053,"href":"https:\/\/kidscourage.blinkenbox.net\/index.php\/wp-json\/wp\/v2\/pages\/188\/revisions\/1053"}],"wp:attachment":[{"href":"https:\/\/kidscourage.blinkenbox.net\/index.php\/wp-json\/wp\/v2\/media?parent=188"}],"curies":[{"name":"wp","href":"https:\/\/api.w.org\/{rel}","templated":true}]}}